{"id":911,"date":"2018-01-24T00:49:48","date_gmt":"2018-01-24T04:49:48","guid":{"rendered":"http:\/\/pos.demc.ufmg.br\/novomestrado\/?page_id=911"},"modified":"2026-01-07T15:21:54","modified_gmt":"2026-01-07T18:21:54","slug":"formularios","status":"publish","type":"page","link":"https:\/\/pos.demc.ufmg.br\/novomestrado\/?page_id=911","title":{"rendered":"Formul\u00e1rios"},"content":{"rendered":"<p><a href=\"https:\/\/pos.demc.ufmg.br\/novomestrado\/wp-content\/uploads\/2025\/08\/Formulario-indicacao-Orientador.pdf\" target=\"_blank\" rel=\"noopener\">_ FORMALIZA\u00c7\u00c3O DE <strong>ORIENTADOR<\/strong><\/a><\/p>\n<p><a href=\"https:\/\/pos.demc.ufmg.br\/novomestrado\/wp-content\/uploads\/2025\/08\/Formulario-indicacao-Coorientador.pdf\" target=\"_blank\" rel=\"noopener\">_ FORMALIZA\u00c7\u00c3O DE <strong>COORIENTADOR<\/strong>\u00a0<\/a><\/p>\n<p><a href=\"https:\/\/pos.demc.ufmg.br\/novomestrado\/wp-content\/uploads\/2025\/08\/FORMULARIO-COMISSAO-QUALIFICACAO.pdf\" target=\"_blank\" rel=\"noopener\">_ INDICA\u00c7\u00c3O DE COMISS\u00c3O EXAMINADORA &#8211; <strong>PROJETO DE DISSERTA\u00c7\u00c3O (QUALIFICA\u00c7\u00c3O)<\/strong><\/a><\/p>\n<p><a href=\"https:\/\/pos.demc.ufmg.br\/novomestrado\/wp-content\/uploads\/2018\/12\/TRANCAMENTO-PARCIAL.pdf\">_ SOLICITA\u00c7\u00c3O DE <strong>TRANCAMENTO PARCIAL DE MATR\u00cdCULA<\/strong><\/a><\/p>\n<p><a href=\"https:\/\/pos.demc.ufmg.br\/novomestrado\/wp-content\/uploads\/2023\/08\/Formulario-trancamento-total.pdf\">_ SOLICITA\u00c7\u00c3O DE <strong>TRANCAMENTO TOTAL DE MATR\u00cdCULA<\/strong><\/a><\/p>\n<p><a href=\"https:\/\/pos.demc.ufmg.br\/novomestrado\/wp-content\/uploads\/2018\/12\/FORMUL\u00c1RIO-DE-SOLICITA\u00c7\u00c3O-DE-APROVEITAMENTO-DE-ESTUDOS.pdf\">_ REQUERIMENTO DE <strong>APROVEITAMENTO DE ESTUDOS<\/strong><\/a><\/p>\n<p><a href=\"https:\/\/pos.demc.ufmg.br\/novomestrado\/wp-content\/uploads\/2026\/01\/Requerimento-eletiva-na-pos.pdf\" target=\"_blank\" rel=\"noopener\">_ REQUERIMENTO DE <strong>MATR\u00cdCULA EM DISCIPLINA ELETIVA &#8211; PARA ALUNOS DA GRADUA\u00c7\u00c3O<\/strong><\/a><\/p>\n<p><a href=\"https:\/\/pos.demc.ufmg.br\/novomestrado\/wp-content\/uploads\/2026\/01\/Requerimento-eletiva-alunos-de-pos.pdf\" target=\"_blank\" rel=\"noopener\">_ REQUERIMENTO DE <strong>MATR\u00cdCULA EM DISCIPLINA ELETIVA &#8211; PARA ALUNOS DE P\u00d3S<\/strong><\/a><\/p>\n<p><a href=\"https:\/\/pos.demc.ufmg.br\/novomestrado\/wp-content\/uploads\/2022\/09\/Requerimento-matricula-isolada.pdf\">_ REQUERIMENTO DE <strong>MATR\u00cdCULA EM DISCIPLINA ISOLADA<\/strong><\/a><\/p>\n<p><a href=\"https:\/\/pos.demc.ufmg.br\/novomestrado\/wp-content\/uploads\/2022\/09\/Formulario-prioridade-diploma.pdf\">_ REQUERIMENTO DE <strong>PRIORIDADE EM EXPEDI\u00c7\u00c3O DE DIPLOMA<\/strong><\/a><\/p>\n<p><a href=\"https:\/\/pos.demc.ufmg.br\/novomestrado\/wp-content\/uploads\/2026\/01\/Formulario-Requer.-Auxilio-financeiro-alunos.pdf\" target=\"_blank\" rel=\"noopener\">_ REQUERIMENTO DE AUX\u00cdLIO FINANCEIRO PARA EVENTO (ALUNOS)<\/a><\/p>\n\n\n<p><\/p>\n","protected":false},"excerpt":{"rendered":"<p>_ FORMALIZA\u00c7\u00c3O DE ORIENTADOR _ FORMALIZA\u00c7\u00c3O DE COORIENTADOR\u00a0 _ INDICA\u00c7\u00c3O DE COMISS\u00c3O EXAMINADORA &#8211; PROJETO DE DISSERTA\u00c7\u00c3O (QUALIFICA\u00c7\u00c3O) _ SOLICITA\u00c7\u00c3O DE TRANCAMENTO PARCIAL DE MATR\u00cdCULA _ SOLICITA\u00c7\u00c3O DE TRANCAMENTO TOTAL DE MATR\u00cdCULA _ REQUERIMENTO DE APROVEITAMENTO DE ESTUDOS _ REQUERIMENTO <a href=\"https:\/\/pos.demc.ufmg.br\/novomestrado\/?page_id=911\"> Read more&#8230;<\/a><\/p>\n","protected":false},"author":1,"featured_media":0,"parent":0,"menu_order":0,"comment_status":"closed","ping_status":"closed","template":"","meta":{"footnotes":""},"class_list":["post-911","page","type-page","status-publish","hentry"],"yoast_head":"<!-- This site is optimized with the Yoast SEO plugin v23.9 - https:\/\/yoast.com\/wordpress\/plugins\/seo\/ -->\n<title>Formul\u00e1rios - Mestrado em Constru\u00e7\u00e3o Civil<\/title>\n<meta name=\"robots\" content=\"index, follow, max-snippet:-1, max-image-preview:large, max-video-preview:-1\" \/>\n<link rel=\"canonical\" href=\"https:\/\/pos.demc.ufmg.br\/novomestrado\/?page_id=911\" \/>\n<meta property=\"og:locale\" content=\"pt_BR\" \/>\n<meta property=\"og:type\" content=\"article\" \/>\n<meta property=\"og:title\" content=\"Formul\u00e1rios - Mestrado em Constru\u00e7\u00e3o Civil\" \/>\n<meta property=\"og:description\" content=\"_ FORMALIZA\u00c7\u00c3O DE ORIENTADOR _ FORMALIZA\u00c7\u00c3O DE COORIENTADOR\u00a0 _ INDICA\u00c7\u00c3O DE COMISS\u00c3O EXAMINADORA &#8211; PROJETO DE DISSERTA\u00c7\u00c3O (QUALIFICA\u00c7\u00c3O) _ SOLICITA\u00c7\u00c3O DE TRANCAMENTO PARCIAL DE MATR\u00cdCULA _ SOLICITA\u00c7\u00c3O DE TRANCAMENTO TOTAL DE MATR\u00cdCULA _ REQUERIMENTO DE APROVEITAMENTO DE ESTUDOS _ REQUERIMENTO Read more&#8230;\" \/>\n<meta property=\"og:url\" content=\"https:\/\/pos.demc.ufmg.br\/novomestrado\/?page_id=911\" \/>\n<meta property=\"og:site_name\" content=\"Mestrado em Constru\u00e7\u00e3o Civil\" \/>\n<meta property=\"article:modified_time\" content=\"2026-01-07T18:21:54+00:00\" \/>\n<meta name=\"twitter:card\" content=\"summary_large_image\" \/>\n<meta name=\"twitter:label1\" content=\"Est. tempo de leitura\" \/>\n\t<meta name=\"twitter:data1\" content=\"1 minuto\" \/>\n<script type=\"application\/ld+json\" class=\"yoast-schema-graph\">{\"@context\":\"https:\/\/schema.org\",\"@graph\":[{\"@type\":\"WebPage\",\"@id\":\"https:\/\/pos.demc.ufmg.br\/novomestrado\/?page_id=911\",\"url\":\"https:\/\/pos.demc.ufmg.br\/novomestrado\/?page_id=911\",\"name\":\"Formul\u00e1rios - Mestrado em Constru\u00e7\u00e3o Civil\",\"isPartOf\":{\"@id\":\"https:\/\/pos.demc.ufmg.br\/novomestrado\/#website\"},\"datePublished\":\"2018-01-24T04:49:48+00:00\",\"dateModified\":\"2026-01-07T18:21:54+00:00\",\"breadcrumb\":{\"@id\":\"https:\/\/pos.demc.ufmg.br\/novomestrado\/?page_id=911#breadcrumb\"},\"inLanguage\":\"pt-BR\",\"potentialAction\":[{\"@type\":\"ReadAction\",\"target\":[\"https:\/\/pos.demc.ufmg.br\/novomestrado\/?page_id=911\"]}]},{\"@type\":\"BreadcrumbList\",\"@id\":\"https:\/\/pos.demc.ufmg.br\/novomestrado\/?page_id=911#breadcrumb\",\"itemListElement\":[{\"@type\":\"ListItem\",\"position\":1,\"name\":\"In\u00edcio\",\"item\":\"https:\/\/pos.demc.ufmg.br\/novomestrado\/\"},{\"@type\":\"ListItem\",\"position\":2,\"name\":\"Formul\u00e1rios\"}]},{\"@type\":\"WebSite\",\"@id\":\"https:\/\/pos.demc.ufmg.br\/novomestrado\/#website\",\"url\":\"https:\/\/pos.demc.ufmg.br\/novomestrado\/\",\"name\":\"Mestrado em Constru\u00e7\u00e3o Civil\",\"description\":\"P\u00f3s gradua\u00e7\u00e3o em Constru\u00e7\u00e3o Civil\",\"publisher\":{\"@id\":\"https:\/\/pos.demc.ufmg.br\/novomestrado\/#organization\"},\"potentialAction\":[{\"@type\":\"SearchAction\",\"target\":{\"@type\":\"EntryPoint\",\"urlTemplate\":\"https:\/\/pos.demc.ufmg.br\/novomestrado\/?s={search_term_string}\"},\"query-input\":{\"@type\":\"PropertyValueSpecification\",\"valueRequired\":true,\"valueName\":\"search_term_string\"}}],\"inLanguage\":\"pt-BR\"},{\"@type\":\"Organization\",\"@id\":\"https:\/\/pos.demc.ufmg.br\/novomestrado\/#organization\",\"name\":\"Mestrado em Constru\u00e7\u00e3o Civil\",\"url\":\"https:\/\/pos.demc.ufmg.br\/novomestrado\/\",\"logo\":{\"@type\":\"ImageObject\",\"inLanguage\":\"pt-BR\",\"@id\":\"https:\/\/pos.demc.ufmg.br\/novomestrado\/#\/schema\/logo\/image\/\",\"url\":\"https:\/\/i0.wp.com\/pos.demc.ufmg.br\/novomestrado\/wp-content\/uploads\/2017\/03\/logo11.jpg?fit=200%2C166&ssl=1\",\"contentUrl\":\"https:\/\/i0.wp.com\/pos.demc.ufmg.br\/novomestrado\/wp-content\/uploads\/2017\/03\/logo11.jpg?fit=200%2C166&ssl=1\",\"width\":200,\"height\":166,\"caption\":\"Mestrado em Constru\u00e7\u00e3o Civil\"},\"image\":{\"@id\":\"https:\/\/pos.demc.ufmg.br\/novomestrado\/#\/schema\/logo\/image\/\"}}]}<\/script>\n<!-- \/ Yoast SEO plugin. -->","yoast_head_json":{"title":"Formul\u00e1rios - Mestrado em Constru\u00e7\u00e3o Civil","robots":{"index":"index","follow":"follow","max-snippet":"max-snippet:-1","max-image-preview":"max-image-preview:large","max-video-preview":"max-video-preview:-1"},"canonical":"https:\/\/pos.demc.ufmg.br\/novomestrado\/?page_id=911","og_locale":"pt_BR","og_type":"article","og_title":"Formul\u00e1rios - Mestrado em Constru\u00e7\u00e3o Civil","og_description":"_ FORMALIZA\u00c7\u00c3O DE ORIENTADOR _ FORMALIZA\u00c7\u00c3O DE COORIENTADOR\u00a0 _ INDICA\u00c7\u00c3O DE COMISS\u00c3O EXAMINADORA &#8211; PROJETO DE DISSERTA\u00c7\u00c3O (QUALIFICA\u00c7\u00c3O) _ SOLICITA\u00c7\u00c3O DE TRANCAMENTO PARCIAL DE MATR\u00cdCULA _ SOLICITA\u00c7\u00c3O DE TRANCAMENTO TOTAL DE MATR\u00cdCULA _ REQUERIMENTO DE APROVEITAMENTO DE ESTUDOS _ REQUERIMENTO Read more&#8230;","og_url":"https:\/\/pos.demc.ufmg.br\/novomestrado\/?page_id=911","og_site_name":"Mestrado em Constru\u00e7\u00e3o Civil","article_modified_time":"2026-01-07T18:21:54+00:00","twitter_card":"summary_large_image","twitter_misc":{"Est. tempo de leitura":"1 minuto"},"schema":{"@context":"https:\/\/schema.org","@graph":[{"@type":"WebPage","@id":"https:\/\/pos.demc.ufmg.br\/novomestrado\/?page_id=911","url":"https:\/\/pos.demc.ufmg.br\/novomestrado\/?page_id=911","name":"Formul\u00e1rios - Mestrado em Constru\u00e7\u00e3o Civil","isPartOf":{"@id":"https:\/\/pos.demc.ufmg.br\/novomestrado\/#website"},"datePublished":"2018-01-24T04:49:48+00:00","dateModified":"2026-01-07T18:21:54+00:00","breadcrumb":{"@id":"https:\/\/pos.demc.ufmg.br\/novomestrado\/?page_id=911#breadcrumb"},"inLanguage":"pt-BR","potentialAction":[{"@type":"ReadAction","target":["https:\/\/pos.demc.ufmg.br\/novomestrado\/?page_id=911"]}]},{"@type":"BreadcrumbList","@id":"https:\/\/pos.demc.ufmg.br\/novomestrado\/?page_id=911#breadcrumb","itemListElement":[{"@type":"ListItem","position":1,"name":"In\u00edcio","item":"https:\/\/pos.demc.ufmg.br\/novomestrado\/"},{"@type":"ListItem","position":2,"name":"Formul\u00e1rios"}]},{"@type":"WebSite","@id":"https:\/\/pos.demc.ufmg.br\/novomestrado\/#website","url":"https:\/\/pos.demc.ufmg.br\/novomestrado\/","name":"Mestrado em Constru\u00e7\u00e3o Civil","description":"P\u00f3s gradua\u00e7\u00e3o em Constru\u00e7\u00e3o Civil","publisher":{"@id":"https:\/\/pos.demc.ufmg.br\/novomestrado\/#organization"},"potentialAction":[{"@type":"SearchAction","target":{"@type":"EntryPoint","urlTemplate":"https:\/\/pos.demc.ufmg.br\/novomestrado\/?s={search_term_string}"},"query-input":{"@type":"PropertyValueSpecification","valueRequired":true,"valueName":"search_term_string"}}],"inLanguage":"pt-BR"},{"@type":"Organization","@id":"https:\/\/pos.demc.ufmg.br\/novomestrado\/#organization","name":"Mestrado em Constru\u00e7\u00e3o Civil","url":"https:\/\/pos.demc.ufmg.br\/novomestrado\/","logo":{"@type":"ImageObject","inLanguage":"pt-BR","@id":"https:\/\/pos.demc.ufmg.br\/novomestrado\/#\/schema\/logo\/image\/","url":"https:\/\/i0.wp.com\/pos.demc.ufmg.br\/novomestrado\/wp-content\/uploads\/2017\/03\/logo11.jpg?fit=200%2C166&ssl=1","contentUrl":"https:\/\/i0.wp.com\/pos.demc.ufmg.br\/novomestrado\/wp-content\/uploads\/2017\/03\/logo11.jpg?fit=200%2C166&ssl=1","width":200,"height":166,"caption":"Mestrado em Constru\u00e7\u00e3o Civil"},"image":{"@id":"https:\/\/pos.demc.ufmg.br\/novomestrado\/#\/schema\/logo\/image\/"}}]}},"jetpack_sharing_enabled":true,"jetpack_shortlink":"https:\/\/wp.me\/PaPkm3-eH","jetpack-related-posts":[],"_links":{"self":[{"href":"https:\/\/pos.demc.ufmg.br\/novomestrado\/index.php?rest_route=\/wp\/v2\/pages\/911","targetHints":{"allow":["GET"]}}],"collection":[{"href":"https:\/\/pos.demc.ufmg.br\/novomestrado\/index.php?rest_route=\/wp\/v2\/pages"}],"about":[{"href":"https:\/\/pos.demc.ufmg.br\/novomestrado\/index.php?rest_route=\/wp\/v2\/types\/page"}],"author":[{"embeddable":true,"href":"https:\/\/pos.demc.ufmg.br\/novomestrado\/index.php?rest_route=\/wp\/v2\/users\/1"}],"replies":[{"embeddable":true,"href":"https:\/\/pos.demc.ufmg.br\/novomestrado\/index.php?rest_route=%2Fwp%2Fv2%2Fcomments&post=911"}],"version-history":[{"count":21,"href":"https:\/\/pos.demc.ufmg.br\/novomestrado\/index.php?rest_route=\/wp\/v2\/pages\/911\/revisions"}],"predecessor-version":[{"id":3320,"href":"https:\/\/pos.demc.ufmg.br\/novomestrado\/index.php?rest_route=\/wp\/v2\/pages\/911\/revisions\/3320"}],"wp:attachment":[{"href":"https:\/\/pos.demc.ufmg.br\/novomestrado\/index.php?rest_route=%2Fwp%2Fv2%2Fmedia&parent=911"}],"curies":[{"name":"wp","href":"https:\/\/api.w.org\/{rel}","templated":true}]}}