{"id":255,"date":"2016-12-21T15:30:57","date_gmt":"2016-12-21T18:30:57","guid":{"rendered":"http:\/\/pos.demc.ufmg.br\/novomestrado\/?page_id=255"},"modified":"2026-03-05T13:35:27","modified_gmt":"2026-03-05T16:35:27","slug":"disciplinas-isoladas","status":"publish","type":"page","link":"https:\/\/pos.demc.ufmg.br\/novomestrado\/?page_id=255","title":{"rendered":"Disciplinas Isoladas"},"content":{"rendered":"\n<p><\/p>\n\n\n<p><strong>_DEFINI\u00c7\u00c3O:<\/strong><\/p>\n<p style=\"text-align: justify;\">A matr\u00edcula em disciplinas isoladas nos cursos de P\u00f3s-gradua\u00e7\u00e3o \u00e9 permitida a qualquer pessoa <strong><u>GRADUADA<\/u><\/strong>, <strong>n\u00e3o pertencente ao corpo discente da UFMG<\/strong>, para complementa\u00e7\u00e3o ou atualiza\u00e7\u00e3o de conhecimento.<\/p>\n<p style=\"text-align: justify;\">A sele\u00e7\u00e3o de alunos para cursarem disciplinas isoladas acontece normalmente duas vezes por ano &#8211; uma em cada semestre &#8211; e \u00e9 realizada diretamente pelos professores respons\u00e1veis pelas disciplinas, considerando as informa\u00e7\u00f5es prestadas na Ficha de Inscri\u00e7\u00e3o, a exist\u00eancia de vagas e outros crit\u00e9rios pertinentes.<\/p>\n<p style=\"text-align: justify;\">Do candidato aprovado no processo seletivo, h\u00e1 cobran\u00e7a apenas de <strong>uma<\/strong> taxa de matr\u00edcula, a ser paga via Guia de Recolhimento da Uni\u00e3o (GRU), no valor de R$ 194,57, independentemente do n\u00famero de disciplinas aprovadas no semestre.\u00a0<\/p>\n<p style=\"text-align: justify;\">O Programa de P\u00f3s-gradua\u00e7\u00e3o em Constru\u00e7\u00e3o Civil concede<strong> isen\u00e7\u00e3o do pagamento<\/strong> da taxa de matr\u00edcula a servidores <span style=\"text-decoration: underline;\">ativos<\/span> da UFMG, mediante comprova\u00e7\u00e3o documental relacionada abaixo.\u00a0<\/p>\n<p style=\"text-align: justify;\">As orienta\u00e7\u00f5es detalhadas sobre o processo de inscri\u00e7\u00e3o e matr\u00edcula est\u00e3o no fim desta p\u00e1gina.\u00a0<\/p>\n<p><strong>_ENDERE\u00c7O DA SECRETARIA DO PROGRAMA:<br \/><\/strong>Av. Presidente Ant\u00f4nio Carlos, 6627. CEP: 31.270-901- Belo Horizonte\/MG<br \/>Escola de Engenharia, Bloco I &#8211; 3\u00ba andar, sala 3406. Contato: 3409-1927.<br \/>E-mail:\u00a0 \u00a0<span id=\"OBJ_PREFIX_DWT753_ZmEmailObjectHandler\" class=\"Object\" role=\"link\"><span id=\"OBJ_PREFIX_DWT780_ZmEmailObjectHandler\" class=\"Object-hover\" role=\"link\">poscivil.secretaria@demc.ufmg.br\u00a0 \/\u00a0 \u00a0<\/span><\/span>mestrado@demc.ufmg.br<\/p>\n<h5>===============================================================================<\/h5>\n<h1 style=\"text-align: center;\"><span style=\"color: #ff0000;\"><strong><u>SELE\u00c7\u00c3O ISOLADAS 2026\/1<\/u><\/strong><\/span><\/h1>\n<h6>\u00a0<\/h6>\n<h6>.<\/h6>\n<p>RESULTADO DAS INSCRI\u00c7\u00d5ES &#8211; CANDIDATOS APROVADOS:\u00a0<br \/><a href=\"https:\/\/pos.demc.ufmg.br\/novomestrado\/wp-content\/uploads\/2026\/03\/CANDIDATOS-APROVADOS-2026-1-1.pdf\" target=\"_blank\" rel=\"noopener\">CONSULTAR<\/a><br \/>.<\/p>\n<h6><strong>_DATAS:<\/strong><\/h6>\n<p><strong>25\/fevereiro\/26 <\/strong>\u2013 In\u00edcio do per\u00edodo para requerimento de inscri\u00e7\u00e3o.<br \/><strong>03\/mar\u00e7o\/26 <\/strong>\u2013 T\u00e9rmino do per\u00edodo para envio do requerimento de inscri\u00e7\u00e3o.<br \/><strong>At\u00e9 05<\/strong><strong>\/mar\u00e7o\/26 <\/strong>\u2013 Resultado dos requerimentos.<br \/><strong>05 a 13\/mar\u00e7o\/26 <\/strong>\u2013 Per\u00edodo de matr\u00edculas.<\/p>\n<p><span style=\"text-decoration: underline; color: #0000ff;\"><strong>As aulas para o mestrado e doutorado come\u00e7ar\u00e3o dia 09\/mar\u00e7o\/2026 e o candidato aprovado EM ISOLADA j\u00e1 pode participar das aulas a partir da divulga\u00e7\u00e3o do resultado dos requerimentos.\u00a0<\/strong><\/span><\/p>\n<h6>\u00a0<\/h6>\n<h6><strong>_INFORMA\u00c7\u00d5ES PRINCIPAIS:<\/strong><\/h6>\n<p style=\"text-align: justify;\">&#8211; O quadro de oferta de disciplinas est\u00e1 dispon\u00edvel no site do Programa (<a href=\"https:\/\/pos.demc.ufmg.br\/novomestrado\/wp-content\/uploads\/2026\/03\/PPGCC-Oferta-disciplinas-2026-1.pdf\" target=\"_blank\" rel=\"noopener\">CLIQUE AQUI PARA VER<\/a>) e cada interessado pode requerer o limite de<strong> 3<\/strong> disciplinas por semestre.<\/p>\n<p style=\"text-align: justify;\">&#8211; O candidato poder\u00e1 alternar entre as disciplinas em que foi aprovado at\u00e9 o final do per\u00edodo de matr\u00edcula.<\/p>\n<p style=\"text-align: justify;\">&#8211; A taxa de matr\u00edcula s\u00f3 <span style=\"text-decoration: underline;\">poder\u00e1<\/span> ser devolvida em caso de cancelamento, por parte do Programa, de disciplina que seja<strong> a \u00fanica<\/strong> matriculada pelo aluno no semestre.<\/p>\n<p style=\"text-align: justify;\">&#8211; O requerente que for aprovado na sele\u00e7\u00e3o receber\u00e1 somente 01 (um) n\u00famero de matr\u00edcula e pagar\u00e1 apenas uma taxa, ainda que seja aprovado em mais de uma disciplina.<\/p>\n<p style=\"text-align: justify;\">&#8211; Os comprovantes de <strong>matr\u00edcula<\/strong> individuais ser\u00e3o enviados por e-mail, <span style=\"text-decoration: underline;\"><strong>a partir<\/strong> <\/span>do dia 23\/03\/2026.<br \/>&#8211; Os certificados de <strong>aprova\u00e7\u00e3o<\/strong> na(s) disciplina(s) ser\u00e3o enviados, por e-mail, <strong><span style=\"text-decoration: underline;\">a partir<\/span> <\/strong>do dia 01\/08\/2026.<\/p>\n<p style=\"text-align: left;\">&#8211; Orientamos a consulta da Resolu\u00e7\u00e3o 01\/2023 que trata de aproveitamento de estudos e dispensa de cr\u00e9ditos no mestrado, dispon\u00edvel no site do Programa pelo link: <a href=\"https:\/\/pos.demc.ufmg.br\/novomestrado\/?page_id=24.\">https:\/\/pos.demc.ufmg.br\/novomestrado\/?page_id=24.\u00a0<\/a><\/p>\n<p>&#8211; Alunos matriculados em cursos de gradua\u00e7\u00e3o ou de p\u00f3s-gradua\u00e7\u00e3o na UFMG <span style=\"text-decoration: underline;\"><strong>n\u00e3o<\/strong> <\/span>podem solicitar matr\u00edcula em disciplina isolada. Nesse caso, solicitar a disciplina de interesse na modalidade de <span style=\"text-decoration: underline;\">eletiva<\/span> pelo sistema MinhaUFMG&gt;Matr\u00edcula ou enviando, para o e-mail da secretaria do Programa, o formul\u00e1rio pr\u00f3prio dispon\u00edvel em: &lt;https:\/\/www2.ufmg.br\/drca\/drca\/Home\/Pos-Graduacao\/Formularios&gt;<\/p>\n<h6 style=\"text-align: justify;\">\u00a0<\/h6>\n<h6><strong>_DOCUMENTA\u00c7\u00c3O PARA REQUERIMENTO<\/strong><\/h6>\n<h6>Enviar exclusivamente para o e-mail &lt;<span style=\"text-decoration: underline;\">isoladasconstrucaocivil@gmail.com<\/span>&gt;, <br \/>em ARQUIVO \u00daNICO <br \/>e em formato PDF os documentos abaixo:<\/h6>\n<p>1) Preenchimento do Formul\u00e1rio de Requerimento, dispon\u00edvel <a href=\"https:\/\/pos.demc.ufmg.br\/novomestrado\/wp-content\/uploads\/2021\/10\/Formul\u00e1rio-requerimento-colocar-site-m\u00e1x-3-disc.pdf\">aqui<\/a> ou pelo link: &lt;https:\/\/www2.ufmg.br\/drca\/content\/download\/20920\/144397\/file\/form-14_ISOLADA.pdf&gt;<\/p>\n<p>2) Curr\u00edculo com os respectivos comprovantes de t\u00edtulos e experi\u00eancias;<br \/>3) Hist\u00f3rico escolar da gradua\u00e7\u00e3o ou documento <span style=\"text-decoration: underline;\">oficial<\/span> equivalente;<br \/>4) Diploma de gradua\u00e7\u00e3o (frente e verso)<br \/>5) Carteira de identidade ou documento equivalente, COM FOTO;<br \/>6) Documento CPF;<br \/>7) C\u00f3pia do \u00faltimo contracheque e autoriza\u00e7\u00e3o da chefia para cursar a(s) disciplina(s), no caso de servidor da UFMG. N\u00e3o temos modelo pr\u00f3prio.<br \/>8) C\u00f3pia do passaporte com visto tempor\u00e1rio de estudante ou permanente v\u00e1lidos, se estrangeiro;<\/p>\n<p><a href=\"https:\/\/pos.demc.ufmg.br\/novomestrado\/wp-content\/uploads\/2026\/02\/PPGCC-Oferta-isoladas-2026-1.pdf\" target=\"_blank\" rel=\"noopener\"><strong><span style=\"color: #ff0000;\">VEJA AQUI A OFERTA DE DISCIPLINAS PARA 2026\/1\u00ba<\/span><\/strong><\/a><\/p>\n<h6>\u00a0<\/h6>\n<h6><strong>_DOCUMENTO PARA MATR\u00cdCULA:<\/strong><\/h6>\n<p style=\"text-align: justify;\">Os candidatos aprovados na sele\u00e7\u00e3o, independente da quantidade de disciplinas aceitas, dever\u00e3o enviar para o mesmo e-mail utilizado na inscri\u00e7\u00e3o &#8211; <span style=\"color: #0000ff;\">isoladasconstrucaocivil@gmail.com<\/span> &#8211; entre os dias 05 e 13 de mar\u00e7o de 2026:<\/p>\n<ol>\n<li style=\"text-align: justify;\">a GRU emitida para pagamento (para confer\u00eancia de informa\u00e7\u00f5es pela Contabilidade) &#8211; em PDF<\/li>\n<li style=\"text-align: justify;\">o comprovante de pagamento da taxa <strong>\u00fanica<\/strong> no valor de R$ 194,57 (Cento e noventa e quatro reais e cinquenta e sete centavos), tamb\u00e9m em PDF. N\u00e3o s\u00e3o aceitos comprovantes de agendamento de pagamento.\u00a0<\/li>\n<\/ol>\n<h6>\u00a0<\/h6>\n<h6><strong>_IMPRESS\u00c3O DA GRU PARA PAGAMENTO DA TAXA DE MATR\u00cdCULA:<\/strong><\/h6>\n<p>Procedimentos:<\/p>\n<p>1) Gerar Guia de Recolhimento da Uni\u00e3o (GRU) pela internet. <a href=\"https:\/\/sistemas.ufmg.br\/sisarc\/emissaogru\/gerir\/geriremissaogru.seam?codigo=9obR4wLIw\">CLIQUE AQUI<\/a><br \/>2) Preencher o formul\u00e1rio informando os seguintes dados:<\/p>\n<p><strong>CPF\/CNPJ:<\/strong> digitar o n\u00famero do CPF de <strong>quem cursar\u00e1 a disciplina<\/strong> isolada<br \/><strong>Nome do Contribuinte:<\/strong> nome da pessoa que cursar\u00e1 a disciplina isolada<br \/><strong>Compet\u00eancia:<\/strong> 03\/2026 (m\u00eas e ano da matr\u00edcula)<br \/><strong>Data do Vencimento:<\/strong> data limite em que efetuar\u00e1 o pagamento<br \/><strong>Valor Principal:<\/strong> valor da taxa de disciplina isolada R$ 194,57<br \/><strong>Valor Total:<\/strong> repetir o valor da taxa de disciplina isolada R$ 194,57<br \/>Clicar em GERAR GRU, realizar o pagamento e digitalizar (salvar em PDF).<\/p>\n<h6>\u00a0<\/h6>\n<h6><strong>_<\/strong><strong>AP\u00d3S A MATR\u00cdCULA:<\/strong><\/h6>\n<p>Cada aluno aprovado em disciplina isolada dever\u00e1 ter acesso ao Portal Minha-UFMG para acompanhamento das atividades e notas.\u00a0<\/p>\n<p>_QUEM NUNCA USOU O PORTAL: solicitar o acesso na Diretoria de Tecnologia da Informa\u00e7\u00e3o \u2013 DTI, atrav\u00e9s do e-mail <a href=\"mailto:suporte@dti.ufmg.br\">suporte@dti.ufmg.br<\/a>, enviando seu n\u00famero de registro (informado no comprovante de matr\u00edcula que ser\u00e1 enviado pela secretaria) e foto da carteira de identidade.<\/p>\n<p>_QUEM J\u00c1 TEVE ACESSO (isolada, gradua\u00e7\u00e3o, especializa\u00e7\u00e3o): utilizar\u00e1 o mesmo login e senha para acesso ao MinhaUFMG, n\u00e3o sendo necess\u00e1rio entrar em contato com a DTI. As disciplinas v\u00e3o constar na aba &#8220;Aluno&#8221; em at\u00e9 72h ap\u00f3s a efetiva\u00e7\u00e3o da matr\u00edcula.<\/p>\n<p>_Para os servidores da UFMG, a aba \u201cAluno\u201d ir\u00e1 aparecer no sistema MinhaUFMG em aproximadamente 72 horas ap\u00f3s a efetiva\u00e7\u00e3o da matr\u00edcula na disciplina. Caso n\u00e3o apare\u00e7a ap\u00f3s esse prazo, contactar o DTI.<\/p>\n<h6>\u00a0<\/h6>\n<h6><strong>_ALUNOS ESTRANGEIROS:<\/strong><\/h6>\n<p style=\"text-align: justify;\">O requerente estrangeiro que obtiver deferimento da disciplina isolada de p\u00f3s-gradua\u00e7\u00e3o dever\u00e1 enviar a documenta\u00e7\u00e3o abaixo para efetuar o Registro, conforme Calend\u00e1rio Escolar da UFMG.<\/p>\n<p style=\"text-align: justify;\">\u00a0 _Autoriza\u00e7\u00e3o de registro devidamente assinada e carimbada pelo curso ofertante da disciplina (parecer de deferimento dado no formul\u00e1rio de requerimento de matr\u00edcula em disciplina isolada); CPF; Passaporte (p\u00e1gina de identifica\u00e7\u00e3o); Visto &#8211; VITEM IV ou Permanente (se vencido, apresentar o protocolo de prorroga\u00e7\u00e3o); RNE (Registro Nacional de Estrangeiro) emitido pela Pol\u00edcia Federal ou impress\u00e3o de tela do Sincre (Sistema de Cadastro e Registro de Estrangeiro), devidamente v\u00e1lida, carimbada e assinada por agente da Pol\u00edcia Federal, Comprovante de endere\u00e7o no Brasil.<\/p>\n<p style=\"text-align: justify;\">&#8211; Ap\u00f3s receber seu n\u00famero de registro, o requerente estrangeiro dever\u00e1 efetuar o pagamento da taxa \u00fanica e entrar em contato com a Secretaria do Curso para efetivar sua matr\u00edcula.<\/p>\n<p>====================================================================<\/p>\n<h3 style=\"text-align: center;\">RESULTADOS DE SELE\u00c7\u00d5ES ANTERIORES<\/h3>\n<h6>\u00a0<\/h6>\n<h6 style=\"text-align: center;\"><span style=\"color: #ff0000;\"><strong><span style=\"text-decoration: underline;\"><span style=\"color: #000000; text-decoration: underline;\">DISCIPLINAS ISOLADAS 2025\/2<\/span><\/span><u><br \/><\/u><\/strong><\/span><u><\/u><a href=\"https:\/\/pos.demc.ufmg.br\/novomestrado\/wp-content\/uploads\/2025\/08\/CANDIDATOS-APROVADOS-2025-2.pdf\"><span style=\"color: #000000;\">RESULTADO DOS CANDIDATOS APROVADOS<\/span><\/a><\/h6>\n<h6 style=\"text-align: center;\"><span style=\"color: #ff0000;\"><strong><span style=\"text-decoration: underline;\"><span style=\"color: #000000; text-decoration: underline;\">DISCIPLINAS ISOLADAS 2025\/1<\/span><\/span><u><br \/><\/u><\/strong><\/span><u><\/u><span style=\"color: #000000;\"><a style=\"color: #000000;\" href=\"https:\/\/pos.demc.ufmg.br\/novomestrado\/wp-content\/uploads\/2025\/03\/CANDIDATOS-APROVADOS-2025-1.pdf\" target=\"_blank\" rel=\"noopener\">RESULTADO DOS CANDIDATOS APROVADOS<\/a><\/span><\/h6>\n<h6 style=\"text-align: center;\"><span style=\"color: #ff0000;\"><strong><span style=\"text-decoration: underline;\"><span style=\"color: #000000; text-decoration: underline;\">DISCIPLINAS ISOLADAS 2024\/2<\/span><\/span><u><br \/><\/u><\/strong><\/span><u><\/u><span style=\"color: #000000;\"><a style=\"color: #000000;\" href=\"https:\/\/pos.demc.ufmg.br\/novomestrado\/wp-content\/uploads\/2024\/12\/CANDIDATOS-APROVADOS-2024-2.pdf\">RESULTADO DOS CANDIDATOS APROVADOS<\/a><\/span><\/h6>\n<h6 style=\"text-align: center;\"><span style=\"color: #ff0000;\"><strong><span style=\"text-decoration: underline;\"><span style=\"color: #000000; text-decoration: underline;\">DISCIPLINAS ISOLADAS 2024\/1<\/span><\/span><u><br \/><\/u><\/strong><\/span><u><\/u><span style=\"color: #000000;\"><a style=\"color: #000000;\" href=\"https:\/\/pos.demc.ufmg.br\/novomestrado\/wp-content\/uploads\/2024\/03\/CANDIDATOS-APROVADOS-2024-1.pdf\">RESULTADO DOS CANDIDATOS APROVADOS<\/a><\/span><\/h6>\n<h6 style=\"text-align: center;\"><span style=\"color: #ff0000;\"><strong><span style=\"text-decoration: underline;\"><span style=\"color: #000000; text-decoration: underline;\">DISCIPLINAS ISOLADAS 2023\/2<\/span><\/span><u><br \/><\/u><\/strong><\/span><u><\/u><span style=\"color: #000000;\"><a style=\"color: #000000;\" href=\"https:\/\/pos.demc.ufmg.br\/novomestrado\/wp-content\/uploads\/2023\/08\/CANDIDATOS-APROVADOS-2023-2.pdf\">RESULTADO DOS CANDIDATOS APROVADOS<\/a><\/span><\/h6>\n<h6 style=\"text-align: center;\"><span style=\"color: #ff0000;\"><strong><span style=\"text-decoration: underline;\"><span style=\"color: #000000; text-decoration: underline;\">DISCIPLINAS ISOLADAS 2023\/1\u00ba<\/span><\/span><u><br \/><\/u><\/strong><\/span><u><\/u><span style=\"color: #000000;\"><a style=\"color: #000000;\" href=\"https:\/\/pos.demc.ufmg.br\/novomestrado\/wp-content\/uploads\/2023\/03\/RESULTADO-REQUERIMENTOS-2023-1.pdf\">RESULTADO DOS CANDIDATOS APROVADOS<\/a><\/span><\/h6>\n<h6 style=\"text-align: center;\"><strong><u>DISCIPLINAS ISOLADAS 2022\/2\u00ba<br \/><\/u><\/strong><span style=\"color: #000000;\"><a style=\"color: #000000;\" href=\"https:\/\/pos.demc.ufmg.br\/novomestrado\/wp-content\/uploads\/2022\/08\/RESULTADO-REQUERIMENTOS-ISOLADAS.pdf\">RESULTADO DOS CANDIDATOS APROVADOS<\/a><\/span><\/h6>\n<h6 style=\"text-align: center;\"><strong><u>DISCIPLINAS ISOLADAS 2022\/1\u00ba<br \/><\/u><\/strong>\u00a0<a href=\"https:\/\/pos.demc.ufmg.br\/novomestrado\/wp-content\/uploads\/2022\/08\/DISCIPLINAS-ISOLADAS-DEFERIDAS-1-2022-1.pdf\"><span style=\"color: #000000;\">RESULTADO FINAL DOS CANDIDATOS SELECIONADOS<\/span><\/a><\/h6>\n<h6 style=\"text-align: center;\"><strong><u>DISCIPLINAS ISOLADAS 2021\/2\u00ba<\/u><\/strong><span class=\"color_3\"><br \/><a href=\"https:\/\/pos.demc.ufmg.br\/novomestrado\/wp-content\/uploads\/2022\/02\/INSCRI\u00c7\u00d5ES-1.pdf\"><span style=\"color: #000000;\">RESULTADO FINAL DOS CANDIDATOS SELECIONADOS<\/span><\/a><\/span><\/h6>\n<h6 style=\"text-align: center;\"><strong><u>DISCIPLINAS ISOLADAS 2021\/1\u00ba<br \/><\/u><\/strong><span class=\"color_3\">N\u00e3o foram ofertadas disciplinas isoladas no 1\u00ba semestre de 2021.<\/span><\/h6>\n<h6 style=\"text-align: center;\"><strong><u>DISCIPLINAS ISOLADAS 2020\/2\u00ba<br \/><\/u><\/strong><span class=\"color_3\">N\u00e3o foram ofertadas disciplinas isoladas no 2\u00ba semestre de 2020.<\/span><\/h6>\n<h6 style=\"text-align: center;\"><strong><u>DISCIPLINAS ISOLADAS 2020\/1\u00ba<br \/><\/u><\/strong>\u00a0<span style=\"color: #000000;\"><a style=\"color: #000000;\" href=\"https:\/\/pos.demc.ufmg.br\/novomestrado\/wp-content\/uploads\/2020\/03\/RESULTADO-FINAL.pdf\">RESULTADO FINAL DOS CANDIDATOS SELECIONADOS <\/a><\/span><\/h6>","protected":false},"excerpt":{"rendered":"<p>_DEFINI\u00c7\u00c3O: A matr\u00edcula em disciplinas isoladas nos cursos de P\u00f3s-gradua\u00e7\u00e3o \u00e9 permitida a qualquer pessoa GRADUADA, n\u00e3o pertencente ao corpo discente da UFMG, para complementa\u00e7\u00e3o ou atualiza\u00e7\u00e3o de conhecimento. A sele\u00e7\u00e3o de alunos para cursarem disciplinas isoladas acontece normalmente duas <a href=\"https:\/\/pos.demc.ufmg.br\/novomestrado\/?page_id=255\"> Read more&#8230;<\/a><\/p>\n","protected":false},"author":1,"featured_media":0,"parent":0,"menu_order":0,"comment_status":"closed","ping_status":"closed","template":"","meta":{"footnotes":""},"class_list":["post-255","page","type-page","status-publish","hentry"],"yoast_head":"<!-- This site is optimized with the Yoast SEO plugin v23.9 - https:\/\/yoast.com\/wordpress\/plugins\/seo\/ -->\n<title>Disciplinas Isoladas - Mestrado em Constru\u00e7\u00e3o Civil<\/title>\n<meta name=\"robots\" content=\"index, follow, max-snippet:-1, max-image-preview:large, max-video-preview:-1\" \/>\n<link rel=\"canonical\" href=\"https:\/\/pos.demc.ufmg.br\/novomestrado\/?page_id=255\" \/>\n<meta property=\"og:locale\" content=\"pt_BR\" \/>\n<meta property=\"og:type\" content=\"article\" \/>\n<meta property=\"og:title\" content=\"Disciplinas Isoladas - Mestrado em Constru\u00e7\u00e3o Civil\" \/>\n<meta property=\"og:description\" content=\"_DEFINI\u00c7\u00c3O: A matr\u00edcula em disciplinas isoladas nos cursos de P\u00f3s-gradua\u00e7\u00e3o \u00e9 permitida a qualquer pessoa GRADUADA, n\u00e3o pertencente ao corpo discente da UFMG, para complementa\u00e7\u00e3o ou atualiza\u00e7\u00e3o de conhecimento. A sele\u00e7\u00e3o de alunos para cursarem disciplinas isoladas acontece normalmente duas Read more&#8230;\" \/>\n<meta property=\"og:url\" content=\"https:\/\/pos.demc.ufmg.br\/novomestrado\/?page_id=255\" \/>\n<meta property=\"og:site_name\" content=\"Mestrado em Constru\u00e7\u00e3o Civil\" \/>\n<meta property=\"article:modified_time\" content=\"2026-03-05T16:35:27+00:00\" \/>\n<meta name=\"twitter:card\" content=\"summary_large_image\" \/>\n<meta name=\"twitter:label1\" content=\"Est. tempo de leitura\" \/>\n\t<meta name=\"twitter:data1\" content=\"7 minutos\" \/>\n<script type=\"application\/ld+json\" class=\"yoast-schema-graph\">{\"@context\":\"https:\/\/schema.org\",\"@graph\":[{\"@type\":\"WebPage\",\"@id\":\"https:\/\/pos.demc.ufmg.br\/novomestrado\/?page_id=255\",\"url\":\"https:\/\/pos.demc.ufmg.br\/novomestrado\/?page_id=255\",\"name\":\"Disciplinas Isoladas - Mestrado em Constru\u00e7\u00e3o Civil\",\"isPartOf\":{\"@id\":\"https:\/\/pos.demc.ufmg.br\/novomestrado\/#website\"},\"datePublished\":\"2016-12-21T18:30:57+00:00\",\"dateModified\":\"2026-03-05T16:35:27+00:00\",\"breadcrumb\":{\"@id\":\"https:\/\/pos.demc.ufmg.br\/novomestrado\/?page_id=255#breadcrumb\"},\"inLanguage\":\"pt-BR\",\"potentialAction\":[{\"@type\":\"ReadAction\",\"target\":[\"https:\/\/pos.demc.ufmg.br\/novomestrado\/?page_id=255\"]}]},{\"@type\":\"BreadcrumbList\",\"@id\":\"https:\/\/pos.demc.ufmg.br\/novomestrado\/?page_id=255#breadcrumb\",\"itemListElement\":[{\"@type\":\"ListItem\",\"position\":1,\"name\":\"In\u00edcio\",\"item\":\"https:\/\/pos.demc.ufmg.br\/novomestrado\/\"},{\"@type\":\"ListItem\",\"position\":2,\"name\":\"Disciplinas Isoladas\"}]},{\"@type\":\"WebSite\",\"@id\":\"https:\/\/pos.demc.ufmg.br\/novomestrado\/#website\",\"url\":\"https:\/\/pos.demc.ufmg.br\/novomestrado\/\",\"name\":\"Mestrado em Constru\u00e7\u00e3o Civil\",\"description\":\"P\u00f3s gradua\u00e7\u00e3o em Constru\u00e7\u00e3o Civil\",\"publisher\":{\"@id\":\"https:\/\/pos.demc.ufmg.br\/novomestrado\/#organization\"},\"potentialAction\":[{\"@type\":\"SearchAction\",\"target\":{\"@type\":\"EntryPoint\",\"urlTemplate\":\"https:\/\/pos.demc.ufmg.br\/novomestrado\/?s={search_term_string}\"},\"query-input\":{\"@type\":\"PropertyValueSpecification\",\"valueRequired\":true,\"valueName\":\"search_term_string\"}}],\"inLanguage\":\"pt-BR\"},{\"@type\":\"Organization\",\"@id\":\"https:\/\/pos.demc.ufmg.br\/novomestrado\/#organization\",\"name\":\"Mestrado em Constru\u00e7\u00e3o Civil\",\"url\":\"https:\/\/pos.demc.ufmg.br\/novomestrado\/\",\"logo\":{\"@type\":\"ImageObject\",\"inLanguage\":\"pt-BR\",\"@id\":\"https:\/\/pos.demc.ufmg.br\/novomestrado\/#\/schema\/logo\/image\/\",\"url\":\"https:\/\/i0.wp.com\/pos.demc.ufmg.br\/novomestrado\/wp-content\/uploads\/2017\/03\/logo11.jpg?fit=200%2C166&ssl=1\",\"contentUrl\":\"https:\/\/i0.wp.com\/pos.demc.ufmg.br\/novomestrado\/wp-content\/uploads\/2017\/03\/logo11.jpg?fit=200%2C166&ssl=1\",\"width\":200,\"height\":166,\"caption\":\"Mestrado em Constru\u00e7\u00e3o Civil\"},\"image\":{\"@id\":\"https:\/\/pos.demc.ufmg.br\/novomestrado\/#\/schema\/logo\/image\/\"}}]}<\/script>\n<!-- \/ Yoast SEO plugin. -->","yoast_head_json":{"title":"Disciplinas Isoladas - Mestrado em Constru\u00e7\u00e3o Civil","robots":{"index":"index","follow":"follow","max-snippet":"max-snippet:-1","max-image-preview":"max-image-preview:large","max-video-preview":"max-video-preview:-1"},"canonical":"https:\/\/pos.demc.ufmg.br\/novomestrado\/?page_id=255","og_locale":"pt_BR","og_type":"article","og_title":"Disciplinas Isoladas - Mestrado em Constru\u00e7\u00e3o Civil","og_description":"_DEFINI\u00c7\u00c3O: A matr\u00edcula em disciplinas isoladas nos cursos de P\u00f3s-gradua\u00e7\u00e3o \u00e9 permitida a qualquer pessoa GRADUADA, n\u00e3o pertencente ao corpo discente da UFMG, para complementa\u00e7\u00e3o ou atualiza\u00e7\u00e3o de conhecimento. A sele\u00e7\u00e3o de alunos para cursarem disciplinas isoladas acontece normalmente duas Read more&#8230;","og_url":"https:\/\/pos.demc.ufmg.br\/novomestrado\/?page_id=255","og_site_name":"Mestrado em Constru\u00e7\u00e3o Civil","article_modified_time":"2026-03-05T16:35:27+00:00","twitter_card":"summary_large_image","twitter_misc":{"Est. tempo de leitura":"7 minutos"},"schema":{"@context":"https:\/\/schema.org","@graph":[{"@type":"WebPage","@id":"https:\/\/pos.demc.ufmg.br\/novomestrado\/?page_id=255","url":"https:\/\/pos.demc.ufmg.br\/novomestrado\/?page_id=255","name":"Disciplinas Isoladas - Mestrado em Constru\u00e7\u00e3o Civil","isPartOf":{"@id":"https:\/\/pos.demc.ufmg.br\/novomestrado\/#website"},"datePublished":"2016-12-21T18:30:57+00:00","dateModified":"2026-03-05T16:35:27+00:00","breadcrumb":{"@id":"https:\/\/pos.demc.ufmg.br\/novomestrado\/?page_id=255#breadcrumb"},"inLanguage":"pt-BR","potentialAction":[{"@type":"ReadAction","target":["https:\/\/pos.demc.ufmg.br\/novomestrado\/?page_id=255"]}]},{"@type":"BreadcrumbList","@id":"https:\/\/pos.demc.ufmg.br\/novomestrado\/?page_id=255#breadcrumb","itemListElement":[{"@type":"ListItem","position":1,"name":"In\u00edcio","item":"https:\/\/pos.demc.ufmg.br\/novomestrado\/"},{"@type":"ListItem","position":2,"name":"Disciplinas Isoladas"}]},{"@type":"WebSite","@id":"https:\/\/pos.demc.ufmg.br\/novomestrado\/#website","url":"https:\/\/pos.demc.ufmg.br\/novomestrado\/","name":"Mestrado em Constru\u00e7\u00e3o Civil","description":"P\u00f3s gradua\u00e7\u00e3o em Constru\u00e7\u00e3o Civil","publisher":{"@id":"https:\/\/pos.demc.ufmg.br\/novomestrado\/#organization"},"potentialAction":[{"@type":"SearchAction","target":{"@type":"EntryPoint","urlTemplate":"https:\/\/pos.demc.ufmg.br\/novomestrado\/?s={search_term_string}"},"query-input":{"@type":"PropertyValueSpecification","valueRequired":true,"valueName":"search_term_string"}}],"inLanguage":"pt-BR"},{"@type":"Organization","@id":"https:\/\/pos.demc.ufmg.br\/novomestrado\/#organization","name":"Mestrado em Constru\u00e7\u00e3o Civil","url":"https:\/\/pos.demc.ufmg.br\/novomestrado\/","logo":{"@type":"ImageObject","inLanguage":"pt-BR","@id":"https:\/\/pos.demc.ufmg.br\/novomestrado\/#\/schema\/logo\/image\/","url":"https:\/\/i0.wp.com\/pos.demc.ufmg.br\/novomestrado\/wp-content\/uploads\/2017\/03\/logo11.jpg?fit=200%2C166&ssl=1","contentUrl":"https:\/\/i0.wp.com\/pos.demc.ufmg.br\/novomestrado\/wp-content\/uploads\/2017\/03\/logo11.jpg?fit=200%2C166&ssl=1","width":200,"height":166,"caption":"Mestrado em Constru\u00e7\u00e3o Civil"},"image":{"@id":"https:\/\/pos.demc.ufmg.br\/novomestrado\/#\/schema\/logo\/image\/"}}]}},"jetpack_sharing_enabled":true,"jetpack_shortlink":"https:\/\/wp.me\/PaPkm3-47","jetpack-related-posts":[],"_links":{"self":[{"href":"https:\/\/pos.demc.ufmg.br\/novomestrado\/index.php?rest_route=\/wp\/v2\/pages\/255","targetHints":{"allow":["GET"]}}],"collection":[{"href":"https:\/\/pos.demc.ufmg.br\/novomestrado\/index.php?rest_route=\/wp\/v2\/pages"}],"about":[{"href":"https:\/\/pos.demc.ufmg.br\/novomestrado\/index.php?rest_route=\/wp\/v2\/types\/page"}],"author":[{"embeddable":true,"href":"https:\/\/pos.demc.ufmg.br\/novomestrado\/index.php?rest_route=\/wp\/v2\/users\/1"}],"replies":[{"embeddable":true,"href":"https:\/\/pos.demc.ufmg.br\/novomestrado\/index.php?rest_route=%2Fwp%2Fv2%2Fcomments&post=255"}],"version-history":[{"count":220,"href":"https:\/\/pos.demc.ufmg.br\/novomestrado\/index.php?rest_route=\/wp\/v2\/pages\/255\/revisions"}],"predecessor-version":[{"id":3389,"href":"https:\/\/pos.demc.ufmg.br\/novomestrado\/index.php?rest_route=\/wp\/v2\/pages\/255\/revisions\/3389"}],"wp:attachment":[{"href":"https:\/\/pos.demc.ufmg.br\/novomestrado\/index.php?rest_route=%2Fwp%2Fv2%2Fmedia&parent=255"}],"curies":[{"name":"wp","href":"https:\/\/api.w.org\/{rel}","templated":true}]}}