{"id":24,"date":"2015-12-29T02:43:34","date_gmt":"2015-12-29T02:43:34","guid":{"rendered":"http:\/\/pos.demc.ufmg.br\/novomestrado\/?page_id=24"},"modified":"2026-01-07T12:05:06","modified_gmt":"2026-01-07T15:05:06","slug":"legislacao","status":"publish","type":"page","link":"https:\/\/pos.demc.ufmg.br\/novomestrado\/?page_id=24","title":{"rendered":"Informa\u00e7\u00f5es"},"content":{"rendered":"<p><a href=\"https:\/\/pos.demc.ufmg.br\/novomestrado\/wp-content\/uploads\/2018\/12\/NORMAS-GERAIS-PG-2017-RESOLU\u00c7\u00c3O-02-20171.pdf\">Normas Gerais P\u00f3s-Gradua\u00e7\u00e3o<\/a><\/p>\n<p><a href=\"https:\/\/pos.demc.ufmg.br\/novomestrado\/wp-content\/uploads\/2022\/09\/REGULAMENTO-DO-CMCC-VERSAO-2019.pdf\">Regulamento do Curso de Mestrado em Constru\u00e7\u00e3o Civil &#8211; Vers\u00e3o 2019<\/a><\/p>\n<p><a href=\"https:\/\/pos.demc.ufmg.br\/novomestrado\/wp-content\/uploads\/2025\/08\/Regulamento-doutorado.pdf\" target=\"_blank\" rel=\"noopener\">Regulamento do Programa de P\u00f3s-gradua\u00e7\u00e3o em Constru\u00e7\u00e3o Civil &#8211; Vers\u00e3o 2025<\/a><\/p>\n<p><a href=\"https:\/\/pos.demc.ufmg.br\/novomestrado\/wp-content\/uploads\/2025\/02\/GUIA-DO-ALUNO.pdf\" target=\"_blank\" rel=\"noopener\">GUIA DO ALUNO<\/a><\/p>\n<h4>\u00a0<\/h4>\n<h4><span style=\"text-decoration: underline;\"><strong>CALEND\u00c1RIOS<\/strong><\/span><\/h4>\n<p><a href=\"https:\/\/pos.demc.ufmg.br\/novomestrado\/wp-content\/uploads\/2023\/06\/Calendario-UFMG-2023.pdf\">Calend\u00e1rio Acad\u00eamico 2023<\/a><\/p>\n<p><a href=\"https:\/\/pos.demc.ufmg.br\/novomestrado\/wp-content\/uploads\/2024\/07\/Calendario-UFMG-2024-pos-greve.pdf\" target=\"_blank\" rel=\"noopener\">Calend\u00e1rio Acad\u00eamico 2024 (p\u00f3s-greve)<\/a><\/p>\n<p><a href=\"https:\/\/pos.demc.ufmg.br\/novomestrado\/wp-content\/uploads\/2024\/07\/Calendario-UFMG-2024-pos-greve.pdf\" target=\"_blank\" rel=\"noopener\">Calend\u00e1rio Acad\u00eamico 2025<\/a><\/p>\n<p><a href=\"https:\/\/pos.demc.ufmg.br\/novomestrado\/wp-content\/uploads\/2026\/01\/Calendario-UFMG-2026.pdf\" target=\"_blank\" rel=\"noopener\">Calend\u00e1rio Acad\u00eamico 2026<\/a><\/p>\n<h4>\u00a0<\/h4>\n<h4><span style=\"text-decoration: underline;\"><strong>RESOLU\u00c7\u00d5ES<\/strong><\/span><\/h4>\n<p><a href=\"https:\/\/pos.demc.ufmg.br\/novomestrado\/wp-content\/uploads\/2022\/09\/Resolucao-CMCC-no-02-2017-Credenciamento-Docente-Permanente.pdf\">Resolu\u00e7\u00e3o 02\/2017 &#8211; Credenciamento Docente Permanente<\/a><\/p>\n<p><a href=\"https:\/\/pos.demc.ufmg.br\/novomestrado\/wp-content\/uploads\/2022\/09\/Resolucao-CMCC-no-01-2020-Credenciamento-Docente-Permanente.pdf\">Resolu\u00e7\u00e3o 01\/2020 &#8211; Credenciamento Docente Permanente<\/a><\/p>\n<p><a href=\"https:\/\/pos.demc.ufmg.br\/novomestrado\/wp-content\/uploads\/2022\/09\/Resolucao-CMCC-no-01-2022-Prazos-para-indicacao-de-Comissao-Avaliadora.pdf\">Resolu\u00e7\u00e3o 01\/2022 &#8211; Prazos para indica\u00e7\u00e3o de Comiss\u00e3o Avaliadora de Disserta\u00e7\u00e3o e Qualifica\u00e7\u00e3o<\/a><\/p>\n<p><a href=\"https:\/\/pos.demc.ufmg.br\/novomestrado\/wp-content\/uploads\/2022\/09\/Resolucao-CMCC-no-02-2022-Prazos-para-Emissao-de-Documentos.pdf\">Resolu\u00e7\u00e3o 02\/2022 &#8211; Prazos para Emiss\u00e3o de Documentos\u00a0<\/a><\/p>\n<p><a href=\"https:\/\/pos.demc.ufmg.br\/novomestrado\/wp-content\/uploads\/2023\/02\/Resolucao-CMCC-no-03-2022-Bolsas-de-Estudo.pdf\">Resolu\u00e7\u00e3o 03\/2022 &#8211; Crit\u00e9rios para Distribui\u00e7\u00e3o de Bolsas de Estudos (revogada pela Res. 01\/2024)<\/a><\/p>\n<p><a href=\"https:\/\/pos.demc.ufmg.br\/novomestrado\/wp-content\/uploads\/2023\/08\/Resolucao-CMCC-no-01-2023-Aproveitamento-de-Estudos.pdf\">Resolu\u00e7\u00e3o 01\/2023 &#8211; Aproveitamento de Estudos e Dispensa de Cr\u00e9ditos<\/a><\/p>\n<p><a href=\"https:\/\/pos.demc.ufmg.br\/novomestrado\/wp-content\/uploads\/2024\/07\/Resolucao-CMCC-no-01-2024-Criterios-distribuicao-bolsas.pdf\" target=\"_blank\" rel=\"noopener\">Resolu\u00e7\u00e3o 01\/2024 &#8211; Crit\u00e9rios para Distribui\u00e7\u00e3o de Bolsas de Estudos<\/a><\/p>\n<h4>\u00a0<\/h4>\n<h4><span style=\"text-decoration: underline;\"><strong>ATAS DO COLEGIADO<\/strong><\/span><\/h4>\n<p><strong>2026<\/strong><\/p>\n<p><strong>2025<br \/><\/strong>Ata Reuni\u00e3o 180 &#8211; aguardando assinaturas<br \/>Ata Reuni\u00e3o 179 &#8211; aguardando assinaturas<strong><br \/><\/strong><a href=\"https:\/\/pos.demc.ufmg.br\/novomestrado\/wp-content\/uploads\/2026\/01\/ATA-178-no-SEI.pdf\" target=\"_blank\" rel=\"noopener\">Ata Reuni\u00e3o 178<\/a><strong><br \/><\/strong><a href=\"https:\/\/pos.demc.ufmg.br\/novomestrado\/wp-content\/uploads\/2026\/01\/ATA-177-no-SEI.pdf\" target=\"_blank\" rel=\"noopener\">Ata Reuni\u00e3o 177<\/a><br \/><a href=\"https:\/\/pos.demc.ufmg.br\/novomestrado\/wp-content\/uploads\/2026\/01\/ATA-176-no-SEI.pdf\" target=\"_blank\" rel=\"noopener\">Ata Reuni\u00e3o 176<\/a><strong><br \/><\/strong><a href=\"https:\/\/pos.demc.ufmg.br\/novomestrado\/wp-content\/uploads\/2025\/06\/ATA-175-no-SEI.pdf\" target=\"_blank\" rel=\"noopener\">Ata Reuni\u00e3o 175<\/a><br \/><a href=\"https:\/\/pos.demc.ufmg.br\/novomestrado\/wp-content\/uploads\/2025\/06\/ATA-174-no-SEI.pdf\" target=\"_blank\" rel=\"noopener\">Ata Reuni\u00e3o 174<\/a><br \/><a href=\"https:\/\/pos.demc.ufmg.br\/novomestrado\/wp-content\/uploads\/2025\/06\/ATA-173-no-SEI.pdf\" target=\"_blank\" rel=\"noopener\">Ata Reuni\u00e3o 173<\/a><br \/><a href=\"https:\/\/pos.demc.ufmg.br\/novomestrado\/wp-content\/uploads\/2025\/06\/ATA-172-no-SEI.pdf\" target=\"_blank\" rel=\"noopener\">Ata Reuni\u00e3o 172<\/a><\/p>\n<p><strong>2024<br \/><\/strong><a href=\"https:\/\/pos.demc.ufmg.br\/novomestrado\/wp-content\/uploads\/2025\/04\/ATA-171-no-SEI.pdf\" target=\"_blank\" rel=\"noopener\">Ata Reuni\u00e3o 171<\/a><br \/><a href=\"https:\/\/pos.demc.ufmg.br\/novomestrado\/wp-content\/uploads\/2025\/01\/ATA-REUNIAO-170.pdf\">Ata Reuni\u00e3o 170<\/a><br \/><a href=\"https:\/\/pos.demc.ufmg.br\/novomestrado\/wp-content\/uploads\/2025\/01\/ATA-REUNIAO-169.pdf\">Ata Reuni\u00e3o 169<\/a><br \/><a href=\"https:\/\/pos.demc.ufmg.br\/novomestrado\/wp-content\/uploads\/2025\/01\/ATA-REUNIAO-168.pdf\">Ata Reuni\u00e3o 168<\/a><br \/><a href=\"https:\/\/pos.demc.ufmg.br\/novomestrado\/wp-content\/uploads\/2025\/01\/ATA-REUNIAO-167.pdf\">Ata Reuni\u00e3o 167<\/a><\/p>\n<p><strong>2023<\/strong><br \/><a href=\"https:\/\/pos.demc.ufmg.br\/novomestrado\/wp-content\/uploads\/2025\/01\/ATA-REUNIAO-166.pdf\">Ata Reuni\u00e3o 166<\/a><br \/><a href=\"https:\/\/pos.demc.ufmg.br\/novomestrado\/wp-content\/uploads\/2025\/01\/ATA-REUNIAO-165.pdf\">Ata Reuni\u00e3o 165<\/a><br \/><a href=\"https:\/\/pos.demc.ufmg.br\/novomestrado\/wp-content\/uploads\/2025\/01\/ATA-REUNIAO-164.pdf\">Ata Reuni\u00e3o 164<\/a><br \/><a href=\"https:\/\/pos.demc.ufmg.br\/novomestrado\/wp-content\/uploads\/2025\/01\/ATA-REUNIAO-163.pdf\">Ata Reuni\u00e3o 163<\/a><br \/><a href=\"https:\/\/pos.demc.ufmg.br\/novomestrado\/wp-content\/uploads\/2025\/01\/ATA-REUNIAO-162.pdf\">Ata Reuni\u00e3o 162<\/a><\/p>\n<p><strong>2022<\/strong><br \/><a href=\"https:\/\/pos.demc.ufmg.br\/novomestrado\/wp-content\/uploads\/2025\/01\/ATA-REUNIAO-161.pdf\">Ata Reuni\u00e3o 161<\/a><br \/><a href=\"https:\/\/pos.demc.ufmg.br\/novomestrado\/wp-content\/uploads\/2025\/01\/ATA-REUNIAO-160.pdf\">Ata Reuni\u00e3o 160<\/a><br \/><a href=\"https:\/\/pos.demc.ufmg.br\/novomestrado\/wp-content\/uploads\/2025\/01\/ATA-REUNIAO-159.pdf\">Ata Reuni\u00e3o 159<\/a><br \/><a href=\"https:\/\/pos.demc.ufmg.br\/novomestrado\/wp-content\/uploads\/2025\/01\/ATA-REUNIAO-158.pdf\">Ata Reuni\u00e3o 158<\/a><br \/><a href=\"https:\/\/pos.demc.ufmg.br\/novomestrado\/wp-content\/uploads\/2025\/01\/ATA-REUNIAO-157.pdf\">Ata Reuni\u00e3o 157<\/a><br \/><a href=\"https:\/\/pos.demc.ufmg.br\/novomestrado\/wp-content\/uploads\/2025\/01\/ATA-REUNIAO-156.pdf\">Ata Reuni\u00e3o 156<\/a><\/p>\n<p><strong>2021<br \/><\/strong><a href=\"https:\/\/pos.demc.ufmg.br\/novomestrado\/wp-content\/uploads\/2025\/01\/ATA-REUNIAO-155.pdf\">Ata Reuni\u00e3o 155<\/a><br \/><a href=\"https:\/\/pos.demc.ufmg.br\/novomestrado\/wp-content\/uploads\/2025\/01\/ATA-REUNIAO-154.pdf\">Ata Reuni\u00e3o 154<\/a><br \/><a href=\"https:\/\/pos.demc.ufmg.br\/novomestrado\/wp-content\/uploads\/2025\/01\/ATA-REUNIAO-153.pdf\">Ata Reuni\u00e3o 153<\/a><br \/><a href=\"https:\/\/pos.demc.ufmg.br\/novomestrado\/wp-content\/uploads\/2025\/01\/ATA-REUNIAO-152.pdf\">Ata Reuni\u00e3o 152<\/a><br \/><a href=\"https:\/\/pos.demc.ufmg.br\/novomestrado\/wp-content\/uploads\/2025\/01\/ATA-REUNIAO-151.pdf\">Ata Reuni\u00e3o 151<\/a><br \/><a href=\"https:\/\/pos.demc.ufmg.br\/novomestrado\/wp-content\/uploads\/2025\/01\/ATA-REUNIAO-150.pdf\">Ata Reuni\u00e3o 150<\/a><br \/><a href=\"https:\/\/pos.demc.ufmg.br\/novomestrado\/wp-content\/uploads\/2025\/01\/ATA-REUNIAO-149.pdf\">Ata Reuni\u00e3o 149<\/a><br \/><a href=\"https:\/\/pos.demc.ufmg.br\/novomestrado\/wp-content\/uploads\/2025\/01\/ATA-REUNIAO-148.pdf\">Ata Reuni\u00e3o 148<\/a><\/p>\n<p><strong>2020<br \/><\/strong><a href=\"https:\/\/pos.demc.ufmg.br\/novomestrado\/wp-content\/uploads\/2025\/01\/ATA-REUNIAO-147.pdf\">Ata Reuni\u00e3o 147<\/a><br \/><a href=\"https:\/\/pos.demc.ufmg.br\/novomestrado\/wp-content\/uploads\/2025\/01\/ATA-REUNIAO-146.pdf\">Ata Reuni\u00e3o 146<\/a><br \/><a href=\"https:\/\/pos.demc.ufmg.br\/novomestrado\/wp-content\/uploads\/2025\/01\/ATA-REUNIAO-145.pdf\">Ata Reuni\u00e3o 145<\/a><br \/><a href=\"https:\/\/pos.demc.ufmg.br\/novomestrado\/wp-content\/uploads\/2025\/01\/ATA-REUNIAO-144.pdf\">Ata Reuni\u00e3o 144<\/a><br \/><a href=\"https:\/\/pos.demc.ufmg.br\/novomestrado\/wp-content\/uploads\/2025\/01\/ATA-REUNIAO-143.pdf\">Ata Reuni\u00e3o 143<\/a><br \/><a href=\"https:\/\/pos.demc.ufmg.br\/novomestrado\/wp-content\/uploads\/2025\/01\/ATA-REUNIAO-142.pdf\">Ata Reuni\u00e3o 142<\/a><\/p>\n<p><strong>\u00a0<\/strong><\/p>\n\n\n<p><\/p>\n","protected":false},"excerpt":{"rendered":"<p>Normas Gerais P\u00f3s-Gradua\u00e7\u00e3o Regulamento do Curso de Mestrado em Constru\u00e7\u00e3o Civil &#8211; Vers\u00e3o 2019 Regulamento do Programa de P\u00f3s-gradua\u00e7\u00e3o em Constru\u00e7\u00e3o Civil &#8211; Vers\u00e3o 2025 GUIA DO ALUNO \u00a0 CALEND\u00c1RIOS Calend\u00e1rio Acad\u00eamico 2023 Calend\u00e1rio Acad\u00eamico 2024 (p\u00f3s-greve) Calend\u00e1rio Acad\u00eamico 2025 <a href=\"https:\/\/pos.demc.ufmg.br\/novomestrado\/?page_id=24\"> Read more&#8230;<\/a><\/p>\n","protected":false},"author":1,"featured_media":0,"parent":0,"menu_order":0,"comment_status":"closed","ping_status":"closed","template":"","meta":{"footnotes":""},"class_list":["post-24","page","type-page","status-publish","hentry"],"yoast_head":"<!-- This site is optimized with the Yoast SEO plugin v23.9 - https:\/\/yoast.com\/wordpress\/plugins\/seo\/ -->\n<title>Informa\u00e7\u00f5es - Mestrado em Constru\u00e7\u00e3o Civil<\/title>\n<meta name=\"robots\" content=\"index, follow, max-snippet:-1, max-image-preview:large, max-video-preview:-1\" \/>\n<link rel=\"canonical\" href=\"https:\/\/pos.demc.ufmg.br\/novomestrado\/?page_id=24\" \/>\n<meta property=\"og:locale\" content=\"pt_BR\" \/>\n<meta property=\"og:type\" content=\"article\" \/>\n<meta property=\"og:title\" content=\"Informa\u00e7\u00f5es - Mestrado em Constru\u00e7\u00e3o Civil\" \/>\n<meta property=\"og:description\" content=\"Normas Gerais P\u00f3s-Gradua\u00e7\u00e3o Regulamento do Curso de Mestrado em Constru\u00e7\u00e3o Civil &#8211; Vers\u00e3o 2019 Regulamento do Programa de P\u00f3s-gradua\u00e7\u00e3o em Constru\u00e7\u00e3o Civil &#8211; Vers\u00e3o 2025 GUIA DO ALUNO \u00a0 CALEND\u00c1RIOS Calend\u00e1rio Acad\u00eamico 2023 Calend\u00e1rio Acad\u00eamico 2024 (p\u00f3s-greve) Calend\u00e1rio Acad\u00eamico 2025 Read more&#8230;\" \/>\n<meta property=\"og:url\" content=\"https:\/\/pos.demc.ufmg.br\/novomestrado\/?page_id=24\" \/>\n<meta property=\"og:site_name\" content=\"Mestrado em Constru\u00e7\u00e3o Civil\" \/>\n<meta property=\"article:modified_time\" content=\"2026-01-07T15:05:06+00:00\" \/>\n<meta name=\"twitter:card\" content=\"summary_large_image\" \/>\n<meta name=\"twitter:label1\" content=\"Est. tempo de leitura\" \/>\n\t<meta name=\"twitter:data1\" content=\"2 minutos\" \/>\n<script type=\"application\/ld+json\" class=\"yoast-schema-graph\">{\"@context\":\"https:\/\/schema.org\",\"@graph\":[{\"@type\":\"WebPage\",\"@id\":\"https:\/\/pos.demc.ufmg.br\/novomestrado\/?page_id=24\",\"url\":\"https:\/\/pos.demc.ufmg.br\/novomestrado\/?page_id=24\",\"name\":\"Informa\u00e7\u00f5es - Mestrado em Constru\u00e7\u00e3o Civil\",\"isPartOf\":{\"@id\":\"https:\/\/pos.demc.ufmg.br\/novomestrado\/#website\"},\"datePublished\":\"2015-12-29T02:43:34+00:00\",\"dateModified\":\"2026-01-07T15:05:06+00:00\",\"breadcrumb\":{\"@id\":\"https:\/\/pos.demc.ufmg.br\/novomestrado\/?page_id=24#breadcrumb\"},\"inLanguage\":\"pt-BR\",\"potentialAction\":[{\"@type\":\"ReadAction\",\"target\":[\"https:\/\/pos.demc.ufmg.br\/novomestrado\/?page_id=24\"]}]},{\"@type\":\"BreadcrumbList\",\"@id\":\"https:\/\/pos.demc.ufmg.br\/novomestrado\/?page_id=24#breadcrumb\",\"itemListElement\":[{\"@type\":\"ListItem\",\"position\":1,\"name\":\"In\u00edcio\",\"item\":\"https:\/\/pos.demc.ufmg.br\/novomestrado\/\"},{\"@type\":\"ListItem\",\"position\":2,\"name\":\"Informa\u00e7\u00f5es\"}]},{\"@type\":\"WebSite\",\"@id\":\"https:\/\/pos.demc.ufmg.br\/novomestrado\/#website\",\"url\":\"https:\/\/pos.demc.ufmg.br\/novomestrado\/\",\"name\":\"Mestrado em Constru\u00e7\u00e3o Civil\",\"description\":\"P\u00f3s gradua\u00e7\u00e3o em Constru\u00e7\u00e3o Civil\",\"publisher\":{\"@id\":\"https:\/\/pos.demc.ufmg.br\/novomestrado\/#organization\"},\"potentialAction\":[{\"@type\":\"SearchAction\",\"target\":{\"@type\":\"EntryPoint\",\"urlTemplate\":\"https:\/\/pos.demc.ufmg.br\/novomestrado\/?s={search_term_string}\"},\"query-input\":{\"@type\":\"PropertyValueSpecification\",\"valueRequired\":true,\"valueName\":\"search_term_string\"}}],\"inLanguage\":\"pt-BR\"},{\"@type\":\"Organization\",\"@id\":\"https:\/\/pos.demc.ufmg.br\/novomestrado\/#organization\",\"name\":\"Mestrado em Constru\u00e7\u00e3o Civil\",\"url\":\"https:\/\/pos.demc.ufmg.br\/novomestrado\/\",\"logo\":{\"@type\":\"ImageObject\",\"inLanguage\":\"pt-BR\",\"@id\":\"https:\/\/pos.demc.ufmg.br\/novomestrado\/#\/schema\/logo\/image\/\",\"url\":\"https:\/\/i0.wp.com\/pos.demc.ufmg.br\/novomestrado\/wp-content\/uploads\/2017\/03\/logo11.jpg?fit=200%2C166&ssl=1\",\"contentUrl\":\"https:\/\/i0.wp.com\/pos.demc.ufmg.br\/novomestrado\/wp-content\/uploads\/2017\/03\/logo11.jpg?fit=200%2C166&ssl=1\",\"width\":200,\"height\":166,\"caption\":\"Mestrado em Constru\u00e7\u00e3o Civil\"},\"image\":{\"@id\":\"https:\/\/pos.demc.ufmg.br\/novomestrado\/#\/schema\/logo\/image\/\"}}]}<\/script>\n<!-- \/ Yoast SEO plugin. -->","yoast_head_json":{"title":"Informa\u00e7\u00f5es - Mestrado em Constru\u00e7\u00e3o Civil","robots":{"index":"index","follow":"follow","max-snippet":"max-snippet:-1","max-image-preview":"max-image-preview:large","max-video-preview":"max-video-preview:-1"},"canonical":"https:\/\/pos.demc.ufmg.br\/novomestrado\/?page_id=24","og_locale":"pt_BR","og_type":"article","og_title":"Informa\u00e7\u00f5es - Mestrado em Constru\u00e7\u00e3o Civil","og_description":"Normas Gerais P\u00f3s-Gradua\u00e7\u00e3o Regulamento do Curso de Mestrado em Constru\u00e7\u00e3o Civil &#8211; Vers\u00e3o 2019 Regulamento do Programa de P\u00f3s-gradua\u00e7\u00e3o em Constru\u00e7\u00e3o Civil &#8211; Vers\u00e3o 2025 GUIA DO ALUNO \u00a0 CALEND\u00c1RIOS Calend\u00e1rio Acad\u00eamico 2023 Calend\u00e1rio Acad\u00eamico 2024 (p\u00f3s-greve) Calend\u00e1rio Acad\u00eamico 2025 Read more&#8230;","og_url":"https:\/\/pos.demc.ufmg.br\/novomestrado\/?page_id=24","og_site_name":"Mestrado em Constru\u00e7\u00e3o Civil","article_modified_time":"2026-01-07T15:05:06+00:00","twitter_card":"summary_large_image","twitter_misc":{"Est. tempo de leitura":"2 minutos"},"schema":{"@context":"https:\/\/schema.org","@graph":[{"@type":"WebPage","@id":"https:\/\/pos.demc.ufmg.br\/novomestrado\/?page_id=24","url":"https:\/\/pos.demc.ufmg.br\/novomestrado\/?page_id=24","name":"Informa\u00e7\u00f5es - Mestrado em Constru\u00e7\u00e3o Civil","isPartOf":{"@id":"https:\/\/pos.demc.ufmg.br\/novomestrado\/#website"},"datePublished":"2015-12-29T02:43:34+00:00","dateModified":"2026-01-07T15:05:06+00:00","breadcrumb":{"@id":"https:\/\/pos.demc.ufmg.br\/novomestrado\/?page_id=24#breadcrumb"},"inLanguage":"pt-BR","potentialAction":[{"@type":"ReadAction","target":["https:\/\/pos.demc.ufmg.br\/novomestrado\/?page_id=24"]}]},{"@type":"BreadcrumbList","@id":"https:\/\/pos.demc.ufmg.br\/novomestrado\/?page_id=24#breadcrumb","itemListElement":[{"@type":"ListItem","position":1,"name":"In\u00edcio","item":"https:\/\/pos.demc.ufmg.br\/novomestrado\/"},{"@type":"ListItem","position":2,"name":"Informa\u00e7\u00f5es"}]},{"@type":"WebSite","@id":"https:\/\/pos.demc.ufmg.br\/novomestrado\/#website","url":"https:\/\/pos.demc.ufmg.br\/novomestrado\/","name":"Mestrado em Constru\u00e7\u00e3o Civil","description":"P\u00f3s gradua\u00e7\u00e3o em Constru\u00e7\u00e3o Civil","publisher":{"@id":"https:\/\/pos.demc.ufmg.br\/novomestrado\/#organization"},"potentialAction":[{"@type":"SearchAction","target":{"@type":"EntryPoint","urlTemplate":"https:\/\/pos.demc.ufmg.br\/novomestrado\/?s={search_term_string}"},"query-input":{"@type":"PropertyValueSpecification","valueRequired":true,"valueName":"search_term_string"}}],"inLanguage":"pt-BR"},{"@type":"Organization","@id":"https:\/\/pos.demc.ufmg.br\/novomestrado\/#organization","name":"Mestrado em Constru\u00e7\u00e3o Civil","url":"https:\/\/pos.demc.ufmg.br\/novomestrado\/","logo":{"@type":"ImageObject","inLanguage":"pt-BR","@id":"https:\/\/pos.demc.ufmg.br\/novomestrado\/#\/schema\/logo\/image\/","url":"https:\/\/i0.wp.com\/pos.demc.ufmg.br\/novomestrado\/wp-content\/uploads\/2017\/03\/logo11.jpg?fit=200%2C166&ssl=1","contentUrl":"https:\/\/i0.wp.com\/pos.demc.ufmg.br\/novomestrado\/wp-content\/uploads\/2017\/03\/logo11.jpg?fit=200%2C166&ssl=1","width":200,"height":166,"caption":"Mestrado em Constru\u00e7\u00e3o Civil"},"image":{"@id":"https:\/\/pos.demc.ufmg.br\/novomestrado\/#\/schema\/logo\/image\/"}}]}},"jetpack_sharing_enabled":true,"jetpack_shortlink":"https:\/\/wp.me\/PaPkm3-o","jetpack-related-posts":[],"_links":{"self":[{"href":"https:\/\/pos.demc.ufmg.br\/novomestrado\/index.php?rest_route=\/wp\/v2\/pages\/24","targetHints":{"allow":["GET"]}}],"collection":[{"href":"https:\/\/pos.demc.ufmg.br\/novomestrado\/index.php?rest_route=\/wp\/v2\/pages"}],"about":[{"href":"https:\/\/pos.demc.ufmg.br\/novomestrado\/index.php?rest_route=\/wp\/v2\/types\/page"}],"author":[{"embeddable":true,"href":"https:\/\/pos.demc.ufmg.br\/novomestrado\/index.php?rest_route=\/wp\/v2\/users\/1"}],"replies":[{"embeddable":true,"href":"https:\/\/pos.demc.ufmg.br\/novomestrado\/index.php?rest_route=%2Fwp%2Fv2%2Fcomments&post=24"}],"version-history":[{"count":59,"href":"https:\/\/pos.demc.ufmg.br\/novomestrado\/index.php?rest_route=\/wp\/v2\/pages\/24\/revisions"}],"predecessor-version":[{"id":3313,"href":"https:\/\/pos.demc.ufmg.br\/novomestrado\/index.php?rest_route=\/wp\/v2\/pages\/24\/revisions\/3313"}],"wp:attachment":[{"href":"https:\/\/pos.demc.ufmg.br\/novomestrado\/index.php?rest_route=%2Fwp%2Fv2%2Fmedia&parent=24"}],"curies":[{"name":"wp","href":"https:\/\/api.w.org\/{rel}","templated":true}]}}