{"id":22,"date":"2015-12-29T02:27:08","date_gmt":"2015-12-29T02:27:08","guid":{"rendered":"http:\/\/pos.demc.ufmg.br\/novomestrado\/?page_id=22"},"modified":"2026-01-05T12:26:18","modified_gmt":"2026-01-05T15:26:18","slug":"disciplinas","status":"publish","type":"page","link":"https:\/\/pos.demc.ufmg.br\/novomestrado\/?page_id=22","title":{"rendered":"Disciplinas"},"content":{"rendered":"<p>EMENTAS<\/p>\n<p><a href=\"https:\/\/pos.demc.ufmg.br\/novomestrado\/wp-content\/uploads\/2022\/11\/Grade-curricular-2022-2.pdf\">&#8211;&gt; GRADE CURRICULAR MESTRADO &#8211; Vers\u00e3o 2022\/2<\/a><\/p>\n<p><a href=\"https:\/\/pos.demc.ufmg.br\/novomestrado\/wp-content\/uploads\/2025\/06\/Grade-curricular-doutorado.pdf\" target=\"_blank\" rel=\"noopener\">&#8211;&gt; GRADE CURRICULAR DOUTORADO &#8211; Vers\u00e3o 2025\/2<\/a><\/p>\n<p><a href=\"https:\/\/pos.demc.ufmg.br\/novomestrado\/wp-content\/uploads\/2026\/01\/PPGCC-Oferta-de-disciplinas-2026-1.pdf\" target=\"_blank\" rel=\"noopener\"><span style=\"color: #ff0000;\">OFERTA DE DISCIPLINAS &#8211; 2026\/1<\/span><\/a><\/p>\n<p>.<\/p>\n<p style=\"text-align: left;\"><span style=\"color: #3366ff;\"><a style=\"color: #3366ff;\" href=\"https:\/\/pos.demc.ufmg.br\/novomestrado\/wp-content\/uploads\/2025\/08\/OFERTA-DISCIPLINAS-2025-2.pdf\" target=\"_blank\" rel=\"noopener\">OFERTA DE DISCIPLINAS &#8211; 2025\/2<\/a><\/span><\/p>\n<p><a href=\"https:\/\/pos.demc.ufmg.br\/novomestrado\/wp-content\/uploads\/2025\/03\/Quadro-de-disciplinas-ofertadas-2025-1o.pdf\">OFERTA DE DISCIPLINAS &#8211; 2025\/1<\/a><\/p>\n<p><a href=\"https:\/\/pos.demc.ufmg.br\/novomestrado\/wp-content\/uploads\/2024\/09\/Oferta-de-disciplinas-2024-2o-final.pdf\">OFERTA DE DISCIPLINAS &#8211; 2024\/2<\/a><\/p>\n<p><a href=\"https:\/\/pos.demc.ufmg.br\/novomestrado\/wp-content\/uploads\/2024\/02\/Quadro-de-disciplinas-ofertadas-2024-1o.pdf\">OFERTA DE DISCIPLINAS &#8211; 2024\/1<\/a><\/p>\n<p><a href=\"https:\/\/pos.demc.ufmg.br\/novomestrado\/wp-content\/uploads\/2023\/06\/Oferta-de-disciplinas-2023-2o.pdf\">OFERTA DE DISCIPLINAS &#8211; 2023\/2<\/a><\/p>\n<p><a href=\"https:\/\/pos.demc.ufmg.br\/novomestrado\/wp-content\/uploads\/2023\/01\/Quadro-de-disciplinas-ofertadas-2023-1o-.pdf\">OFERTA DE DISCIPLINAS &#8211; 2023\/1<\/a><\/p>\n<p><a href=\"https:\/\/pos.demc.ufmg.br\/novomestrado\/wp-content\/uploads\/2022\/08\/Quadro-de-disciplinas-ofertadas-2022-2.pdf\">OFERTA DE DISCIPLINAS &#8211; 2022\/2<\/a><\/p>\n\n\n<p><\/p>\n\n\n\n<p><\/p>\n\n\n\n<p><\/p>\n\n\n\n<p><\/p>\n","protected":false},"excerpt":{"rendered":"<p>EMENTAS &#8211;&gt; GRADE CURRICULAR MESTRADO &#8211; Vers\u00e3o 2022\/2 &#8211;&gt; GRADE CURRICULAR DOUTORADO &#8211; Vers\u00e3o 2025\/2 OFERTA DE DISCIPLINAS &#8211; 2026\/1 . OFERTA DE DISCIPLINAS &#8211; 2025\/2 OFERTA DE DISCIPLINAS &#8211; 2025\/1 OFERTA DE DISCIPLINAS &#8211; 2024\/2 OFERTA DE DISCIPLINAS &#8211; <a href=\"https:\/\/pos.demc.ufmg.br\/novomestrado\/?page_id=22\"> Read more&#8230;<\/a><\/p>\n","protected":false},"author":1,"featured_media":0,"parent":0,"menu_order":0,"comment_status":"closed","ping_status":"closed","template":"","meta":{"footnotes":""},"class_list":["post-22","page","type-page","status-publish","hentry"],"yoast_head":"<!-- This site is optimized with the Yoast SEO plugin v23.9 - https:\/\/yoast.com\/wordpress\/plugins\/seo\/ -->\n<title>Disciplinas - Mestrado em Constru\u00e7\u00e3o Civil<\/title>\n<meta name=\"robots\" content=\"index, follow, max-snippet:-1, max-image-preview:large, max-video-preview:-1\" \/>\n<link rel=\"canonical\" href=\"https:\/\/pos.demc.ufmg.br\/novomestrado\/?page_id=22\" \/>\n<meta property=\"og:locale\" content=\"pt_BR\" \/>\n<meta property=\"og:type\" content=\"article\" \/>\n<meta property=\"og:title\" content=\"Disciplinas - Mestrado em Constru\u00e7\u00e3o Civil\" \/>\n<meta property=\"og:description\" content=\"EMENTAS &#8211;&gt; GRADE CURRICULAR MESTRADO &#8211; Vers\u00e3o 2022\/2 &#8211;&gt; GRADE CURRICULAR DOUTORADO &#8211; Vers\u00e3o 2025\/2 OFERTA DE DISCIPLINAS &#8211; 2026\/1 . OFERTA DE DISCIPLINAS &#8211; 2025\/2 OFERTA DE DISCIPLINAS &#8211; 2025\/1 OFERTA DE DISCIPLINAS &#8211; 2024\/2 OFERTA DE DISCIPLINAS &#8211; Read more&#8230;\" \/>\n<meta property=\"og:url\" content=\"https:\/\/pos.demc.ufmg.br\/novomestrado\/?page_id=22\" \/>\n<meta property=\"og:site_name\" content=\"Mestrado em Constru\u00e7\u00e3o Civil\" \/>\n<meta property=\"article:modified_time\" content=\"2026-01-05T15:26:18+00:00\" \/>\n<meta name=\"twitter:card\" content=\"summary_large_image\" \/>\n<meta name=\"twitter:label1\" content=\"Est. tempo de leitura\" \/>\n\t<meta name=\"twitter:data1\" content=\"1 minuto\" \/>\n<script type=\"application\/ld+json\" class=\"yoast-schema-graph\">{\"@context\":\"https:\/\/schema.org\",\"@graph\":[{\"@type\":\"WebPage\",\"@id\":\"https:\/\/pos.demc.ufmg.br\/novomestrado\/?page_id=22\",\"url\":\"https:\/\/pos.demc.ufmg.br\/novomestrado\/?page_id=22\",\"name\":\"Disciplinas - Mestrado em Constru\u00e7\u00e3o Civil\",\"isPartOf\":{\"@id\":\"https:\/\/pos.demc.ufmg.br\/novomestrado\/#website\"},\"datePublished\":\"2015-12-29T02:27:08+00:00\",\"dateModified\":\"2026-01-05T15:26:18+00:00\",\"breadcrumb\":{\"@id\":\"https:\/\/pos.demc.ufmg.br\/novomestrado\/?page_id=22#breadcrumb\"},\"inLanguage\":\"pt-BR\",\"potentialAction\":[{\"@type\":\"ReadAction\",\"target\":[\"https:\/\/pos.demc.ufmg.br\/novomestrado\/?page_id=22\"]}]},{\"@type\":\"BreadcrumbList\",\"@id\":\"https:\/\/pos.demc.ufmg.br\/novomestrado\/?page_id=22#breadcrumb\",\"itemListElement\":[{\"@type\":\"ListItem\",\"position\":1,\"name\":\"In\u00edcio\",\"item\":\"https:\/\/pos.demc.ufmg.br\/novomestrado\/\"},{\"@type\":\"ListItem\",\"position\":2,\"name\":\"Disciplinas\"}]},{\"@type\":\"WebSite\",\"@id\":\"https:\/\/pos.demc.ufmg.br\/novomestrado\/#website\",\"url\":\"https:\/\/pos.demc.ufmg.br\/novomestrado\/\",\"name\":\"Mestrado em Constru\u00e7\u00e3o Civil\",\"description\":\"P\u00f3s gradua\u00e7\u00e3o em Constru\u00e7\u00e3o Civil\",\"publisher\":{\"@id\":\"https:\/\/pos.demc.ufmg.br\/novomestrado\/#organization\"},\"potentialAction\":[{\"@type\":\"SearchAction\",\"target\":{\"@type\":\"EntryPoint\",\"urlTemplate\":\"https:\/\/pos.demc.ufmg.br\/novomestrado\/?s={search_term_string}\"},\"query-input\":{\"@type\":\"PropertyValueSpecification\",\"valueRequired\":true,\"valueName\":\"search_term_string\"}}],\"inLanguage\":\"pt-BR\"},{\"@type\":\"Organization\",\"@id\":\"https:\/\/pos.demc.ufmg.br\/novomestrado\/#organization\",\"name\":\"Mestrado em Constru\u00e7\u00e3o Civil\",\"url\":\"https:\/\/pos.demc.ufmg.br\/novomestrado\/\",\"logo\":{\"@type\":\"ImageObject\",\"inLanguage\":\"pt-BR\",\"@id\":\"https:\/\/pos.demc.ufmg.br\/novomestrado\/#\/schema\/logo\/image\/\",\"url\":\"https:\/\/i0.wp.com\/pos.demc.ufmg.br\/novomestrado\/wp-content\/uploads\/2017\/03\/logo11.jpg?fit=200%2C166&ssl=1\",\"contentUrl\":\"https:\/\/i0.wp.com\/pos.demc.ufmg.br\/novomestrado\/wp-content\/uploads\/2017\/03\/logo11.jpg?fit=200%2C166&ssl=1\",\"width\":200,\"height\":166,\"caption\":\"Mestrado em Constru\u00e7\u00e3o Civil\"},\"image\":{\"@id\":\"https:\/\/pos.demc.ufmg.br\/novomestrado\/#\/schema\/logo\/image\/\"}}]}<\/script>\n<!-- \/ Yoast SEO plugin. -->","yoast_head_json":{"title":"Disciplinas - Mestrado em Constru\u00e7\u00e3o Civil","robots":{"index":"index","follow":"follow","max-snippet":"max-snippet:-1","max-image-preview":"max-image-preview:large","max-video-preview":"max-video-preview:-1"},"canonical":"https:\/\/pos.demc.ufmg.br\/novomestrado\/?page_id=22","og_locale":"pt_BR","og_type":"article","og_title":"Disciplinas - Mestrado em Constru\u00e7\u00e3o Civil","og_description":"EMENTAS &#8211;&gt; GRADE CURRICULAR MESTRADO &#8211; Vers\u00e3o 2022\/2 &#8211;&gt; GRADE CURRICULAR DOUTORADO &#8211; Vers\u00e3o 2025\/2 OFERTA DE DISCIPLINAS &#8211; 2026\/1 . OFERTA DE DISCIPLINAS &#8211; 2025\/2 OFERTA DE DISCIPLINAS &#8211; 2025\/1 OFERTA DE DISCIPLINAS &#8211; 2024\/2 OFERTA DE DISCIPLINAS &#8211; Read more&#8230;","og_url":"https:\/\/pos.demc.ufmg.br\/novomestrado\/?page_id=22","og_site_name":"Mestrado em Constru\u00e7\u00e3o Civil","article_modified_time":"2026-01-05T15:26:18+00:00","twitter_card":"summary_large_image","twitter_misc":{"Est. tempo de leitura":"1 minuto"},"schema":{"@context":"https:\/\/schema.org","@graph":[{"@type":"WebPage","@id":"https:\/\/pos.demc.ufmg.br\/novomestrado\/?page_id=22","url":"https:\/\/pos.demc.ufmg.br\/novomestrado\/?page_id=22","name":"Disciplinas - Mestrado em Constru\u00e7\u00e3o Civil","isPartOf":{"@id":"https:\/\/pos.demc.ufmg.br\/novomestrado\/#website"},"datePublished":"2015-12-29T02:27:08+00:00","dateModified":"2026-01-05T15:26:18+00:00","breadcrumb":{"@id":"https:\/\/pos.demc.ufmg.br\/novomestrado\/?page_id=22#breadcrumb"},"inLanguage":"pt-BR","potentialAction":[{"@type":"ReadAction","target":["https:\/\/pos.demc.ufmg.br\/novomestrado\/?page_id=22"]}]},{"@type":"BreadcrumbList","@id":"https:\/\/pos.demc.ufmg.br\/novomestrado\/?page_id=22#breadcrumb","itemListElement":[{"@type":"ListItem","position":1,"name":"In\u00edcio","item":"https:\/\/pos.demc.ufmg.br\/novomestrado\/"},{"@type":"ListItem","position":2,"name":"Disciplinas"}]},{"@type":"WebSite","@id":"https:\/\/pos.demc.ufmg.br\/novomestrado\/#website","url":"https:\/\/pos.demc.ufmg.br\/novomestrado\/","name":"Mestrado em Constru\u00e7\u00e3o Civil","description":"P\u00f3s gradua\u00e7\u00e3o em Constru\u00e7\u00e3o Civil","publisher":{"@id":"https:\/\/pos.demc.ufmg.br\/novomestrado\/#organization"},"potentialAction":[{"@type":"SearchAction","target":{"@type":"EntryPoint","urlTemplate":"https:\/\/pos.demc.ufmg.br\/novomestrado\/?s={search_term_string}"},"query-input":{"@type":"PropertyValueSpecification","valueRequired":true,"valueName":"search_term_string"}}],"inLanguage":"pt-BR"},{"@type":"Organization","@id":"https:\/\/pos.demc.ufmg.br\/novomestrado\/#organization","name":"Mestrado em Constru\u00e7\u00e3o Civil","url":"https:\/\/pos.demc.ufmg.br\/novomestrado\/","logo":{"@type":"ImageObject","inLanguage":"pt-BR","@id":"https:\/\/pos.demc.ufmg.br\/novomestrado\/#\/schema\/logo\/image\/","url":"https:\/\/i0.wp.com\/pos.demc.ufmg.br\/novomestrado\/wp-content\/uploads\/2017\/03\/logo11.jpg?fit=200%2C166&ssl=1","contentUrl":"https:\/\/i0.wp.com\/pos.demc.ufmg.br\/novomestrado\/wp-content\/uploads\/2017\/03\/logo11.jpg?fit=200%2C166&ssl=1","width":200,"height":166,"caption":"Mestrado em Constru\u00e7\u00e3o Civil"},"image":{"@id":"https:\/\/pos.demc.ufmg.br\/novomestrado\/#\/schema\/logo\/image\/"}}]}},"jetpack_sharing_enabled":true,"jetpack_shortlink":"https:\/\/wp.me\/PaPkm3-m","jetpack-related-posts":[],"_links":{"self":[{"href":"https:\/\/pos.demc.ufmg.br\/novomestrado\/index.php?rest_route=\/wp\/v2\/pages\/22","targetHints":{"allow":["GET"]}}],"collection":[{"href":"https:\/\/pos.demc.ufmg.br\/novomestrado\/index.php?rest_route=\/wp\/v2\/pages"}],"about":[{"href":"https:\/\/pos.demc.ufmg.br\/novomestrado\/index.php?rest_route=\/wp\/v2\/types\/page"}],"author":[{"embeddable":true,"href":"https:\/\/pos.demc.ufmg.br\/novomestrado\/index.php?rest_route=\/wp\/v2\/users\/1"}],"replies":[{"embeddable":true,"href":"https:\/\/pos.demc.ufmg.br\/novomestrado\/index.php?rest_route=%2Fwp%2Fv2%2Fcomments&post=22"}],"version-history":[{"count":60,"href":"https:\/\/pos.demc.ufmg.br\/novomestrado\/index.php?rest_route=\/wp\/v2\/pages\/22\/revisions"}],"predecessor-version":[{"id":3296,"href":"https:\/\/pos.demc.ufmg.br\/novomestrado\/index.php?rest_route=\/wp\/v2\/pages\/22\/revisions\/3296"}],"wp:attachment":[{"href":"https:\/\/pos.demc.ufmg.br\/novomestrado\/index.php?rest_route=%2Fwp%2Fv2%2Fmedia&parent=22"}],"curies":[{"name":"wp","href":"https:\/\/api.w.org\/{rel}","templated":true}]}}