{"id":18,"date":"2015-12-29T02:26:33","date_gmt":"2015-12-29T02:26:33","guid":{"rendered":"http:\/\/pos.demc.ufmg.br\/novomestrado\/?page_id=18"},"modified":"2026-01-07T12:22:22","modified_gmt":"2026-01-07T15:22:22","slug":"docentes","status":"publish","type":"page","link":"https:\/\/pos.demc.ufmg.br\/novomestrado\/?page_id=18","title":{"rendered":"Docentes"},"content":{"rendered":"<p><strong>PROFESSORES PERMANENTES<\/strong><\/p>\n<p><span style=\"color: #ffffff;\">&#8211;<\/span><\/p>\n<h2 style=\"text-align: left;\"><strong><span style=\"text-decoration: underline;\">MATERIAIS E M\u00c9TODOS CONSTRUTIVOS<\/span><\/strong><\/h2>\n<p>ALDO GIUNTINI DE MAGALH\u00c3ES &#8211; aldogiuntini@gmail.com _ <a href=\"http:\/\/lattes.cnpq.br\/0067684613389384\">Curr\u00edculo LATTES<\/a><\/p>\n<p>ANT\u00d4NIO NEVES DE CARVALHO J\u00daNIOR &#8211; ancjunior@demc.ufmg.br _ <a href=\"http:\/\/lattes.cnpq.br\/9564632907233968\">Curr\u00edculo LATTES<\/a><\/p>\n<p>DAYANA CRISTINA SILVA GARCIA &#8211; dayanacsgarcia@gmail.com _<a href=\"http:\/\/lattes.cnpq.br\/1135236639680333\"> Curr\u00edculo LATTES<\/a><\/p>\n<p>EDUARDO CHAHUD &#8211; chahud@demc.ufmg.br _ <a href=\"http:\/\/lattes.cnpq.br\/7061747933713446\">Curr\u00edculo LATTES<\/a><\/p>\n<p>FERNANDO DO COUTO ROSA ALMEIDA &#8211; fernando@demc.ufmg.br _ <a href=\"http:\/\/lattes.cnpq.br\/2303805462606634\">Curr\u00edculo LATTES<\/a><\/p>\n<p>LUIZ ANT\u00d4NIO MELGA\u00c7O NUNES BRANCO &#8211; luizmelg@gmail.com _ <a href=\"http:\/\/lattes.cnpq.br\/5845159674319694\">Curr\u00edculo LATTES<\/a><\/p>\n<p>MARIA TERESA PAULINO AGUILAR &#8211; mtpaguilar@gmail.com_ <a href=\"http:\/\/lattes.cnpq.br\/9965276263062241\">Curr\u00edculo LATTES<\/a><\/p>\n<p>MARYS LENE BRAGA ALMEIDA\u00a0&#8211; marys@demc.ufmg.br _ <a href=\"http:\/\/lattes.cnpq.br\/6095221702693578\">Curr\u00edculo LATTES<\/a><\/p>\n<p>RONDERSON QUEIROZ HIL\u00c1RIO &#8211; ronderson@etg.ufmg.br _\u00a0 <a href=\"http:\/\/lattes.cnpq.br\/1850313669616821\" target=\"_blank\" rel=\"noopener\">Curr\u00edculo LATTES<\/a><\/p>\n<p>WHITE JOS\u00c9 DOS SANTOS &#8211; white.santos@demc.ufmg.br _ <a href=\"http:\/\/lattes.cnpq.br\/6929801431620076\">Curr\u00edculo LATTES<\/a><\/p>\n<p>.<\/p>\n<h2 style=\"text-align: left;\"><strong><span style=\"text-decoration: underline;\">PLANEJAMENTO E GEST\u00c3O DE INFRAESTRUTURA E CONSTRU\u00c7\u00c3O\u00a0<\/span><\/strong><\/h2>\n<p>ANT\u00d4NIO ARTHUR DE SOUZA &#8211; antonioarturdesouza@gmail.com _ <a href=\"http:\/\/lattes.cnpq.br\/0597505816212353\" target=\"_blank\" rel=\"noopener\">Curr\u00edculo LATTES<\/a><\/p>\n<p>DANIELLE MEIRELES DE OLIVEIRA &#8211; danielle@demc.ufmg.br _ <a href=\"http:\/\/lattes.cnpq.br\/7922082856762693\">Curr\u00edculo LATTES<\/a><\/p>\n<p>EDUARDO MARQUES ARANTES &#8211; arantes@demc.ufmg.br _ <a href=\"http:\/\/lattes.cnpq.br\/3523652954816663\">Curr\u00edculo LATTES<\/a><\/p>\n<p>JOS\u00c9 ELIEVAM BESSA J\u00daNIOR &#8211; elievamjr@gmail.com _ <a href=\"http:\/\/lattes.cnpq.br\/7793465081027513\" target=\"_blank\" rel=\"noopener\">Curr\u00edculo LATTES<\/a><\/p>\n<p>LEANDRO CARDOSO &#8211; leandro@etg.ufmg.br _ <a href=\"http:\/\/lattes.cnpq.br\/3050651179200249\" target=\"_blank\" rel=\"noopener\">Curr\u00edculo LATTES<\/a><\/p>\n<p>MARCELO FRANCO PORTO &#8211; marcelo@etg.ufmg.br _ <a href=\"http:\/\/lattes.cnpq.br\/6154592978170837\" target=\"_blank\" rel=\"noopener\">Curr\u00edculo LATTES<\/a><\/p>\n<p>MARIA CARMEN COUTO RIBEIRO &#8211; carmencoutobh@gmail.com _ <a href=\"http:\/\/lattes.cnpq.br\/5384062863044885\">Curr\u00edculo LATTES<\/a><\/p>\n<p>PAULA BAMBERG &#8211; bamberg@demc.ufmg.br _ <a href=\"http:\/\/lattes.cnpq.br\/5414242263588749\">Curr\u00edculo LATTES<\/a><\/p>\n<p>PAULO ROBERTO PEREIRA ANDERY &#8211; paulo@demc.ufmg.br _ <a href=\"http:\/\/lattes.cnpq.br\/3463303263991617\">Curr\u00edculo LATTES<\/a><\/p>\n<p>RODRIGO AFFONSO DE ALBUQUERQUE N\u00d3BREGA &#8211; raanobrega@ufmg.br _ <a href=\"http:\/\/lattes.cnpq.br\/7158751194696023\" target=\"_blank\" rel=\"noopener\">Curr\u00edculo LATTES<\/a><\/p>\n<p>SIDNEA ELIANE CAMPOS RIBEIRO &#8211; sidnea@demc.ufmg.br _ <a href=\"http:\/\/lattes.cnpq.br\/7970038040751766\">Curr\u00edculo LATTES<\/a><\/p>\n<p><span style=\"color: #ffffff;\">&#8211;<\/span><\/p>\n<p><strong>PROFESSORES COLABORADORES<\/strong><\/p>\n<p>ENIO JOS\u00c9 PAZINI FIGUEIREDO &#8211; epazini@ufg.br _ <a href=\"http:\/\/lattes.cnpq.br\/4075543806767323\">Curr\u00edculo LATTES<\/a><\/p>\n<p>DANIELA ANTUNES LESSA &#8211; daniela.lessa@ufop.edu.br _ <a href=\"http:\/\/lattes.cnpq.br\/6033859857820145\" target=\"_blank\" rel=\"noopener\">Curr\u00edculo LATTES<\/a><\/p>\n<hr \/>\n","protected":false},"excerpt":{"rendered":"<p>PROFESSORES PERMANENTES &#8211; MATERIAIS E M\u00c9TODOS CONSTRUTIVOS ALDO GIUNTINI DE MAGALH\u00c3ES &#8211; aldogiuntini@gmail.com _ Curr\u00edculo LATTES ANT\u00d4NIO NEVES DE CARVALHO J\u00daNIOR &#8211; ancjunior@demc.ufmg.br _ Curr\u00edculo LATTES DAYANA CRISTINA SILVA GARCIA &#8211; dayanacsgarcia@gmail.com _ Curr\u00edculo LATTES EDUARDO CHAHUD &#8211; chahud@demc.ufmg.br _ <a href=\"https:\/\/pos.demc.ufmg.br\/novomestrado\/?page_id=18\"> Read more&#8230;<\/a><\/p>\n","protected":false},"author":1,"featured_media":0,"parent":0,"menu_order":0,"comment_status":"closed","ping_status":"closed","template":"","meta":{"footnotes":""},"class_list":["post-18","page","type-page","status-publish","hentry"],"yoast_head":"<!-- This site is optimized with the Yoast SEO plugin v23.9 - https:\/\/yoast.com\/wordpress\/plugins\/seo\/ -->\n<title>Docentes - Mestrado em Constru\u00e7\u00e3o Civil<\/title>\n<meta name=\"robots\" content=\"index, follow, max-snippet:-1, max-image-preview:large, max-video-preview:-1\" \/>\n<link rel=\"canonical\" href=\"https:\/\/pos.demc.ufmg.br\/novomestrado\/?page_id=18\" \/>\n<meta property=\"og:locale\" content=\"pt_BR\" \/>\n<meta property=\"og:type\" content=\"article\" \/>\n<meta property=\"og:title\" content=\"Docentes - Mestrado em Constru\u00e7\u00e3o Civil\" \/>\n<meta property=\"og:description\" content=\"PROFESSORES PERMANENTES &#8211; MATERIAIS E M\u00c9TODOS CONSTRUTIVOS ALDO GIUNTINI DE MAGALH\u00c3ES &#8211; aldogiuntini@gmail.com _ Curr\u00edculo LATTES ANT\u00d4NIO NEVES DE CARVALHO J\u00daNIOR &#8211; ancjunior@demc.ufmg.br _ Curr\u00edculo LATTES DAYANA CRISTINA SILVA GARCIA &#8211; dayanacsgarcia@gmail.com _ Curr\u00edculo LATTES EDUARDO CHAHUD &#8211; chahud@demc.ufmg.br _ Read more&#8230;\" \/>\n<meta property=\"og:url\" content=\"https:\/\/pos.demc.ufmg.br\/novomestrado\/?page_id=18\" \/>\n<meta property=\"og:site_name\" content=\"Mestrado em Constru\u00e7\u00e3o Civil\" \/>\n<meta property=\"article:modified_time\" content=\"2026-01-07T15:22:22+00:00\" \/>\n<meta name=\"twitter:card\" content=\"summary_large_image\" \/>\n<meta name=\"twitter:label1\" content=\"Est. tempo de leitura\" \/>\n\t<meta name=\"twitter:data1\" content=\"1 minuto\" \/>\n<script type=\"application\/ld+json\" class=\"yoast-schema-graph\">{\"@context\":\"https:\/\/schema.org\",\"@graph\":[{\"@type\":\"WebPage\",\"@id\":\"https:\/\/pos.demc.ufmg.br\/novomestrado\/?page_id=18\",\"url\":\"https:\/\/pos.demc.ufmg.br\/novomestrado\/?page_id=18\",\"name\":\"Docentes - Mestrado em Constru\u00e7\u00e3o Civil\",\"isPartOf\":{\"@id\":\"https:\/\/pos.demc.ufmg.br\/novomestrado\/#website\"},\"datePublished\":\"2015-12-29T02:26:33+00:00\",\"dateModified\":\"2026-01-07T15:22:22+00:00\",\"breadcrumb\":{\"@id\":\"https:\/\/pos.demc.ufmg.br\/novomestrado\/?page_id=18#breadcrumb\"},\"inLanguage\":\"pt-BR\",\"potentialAction\":[{\"@type\":\"ReadAction\",\"target\":[\"https:\/\/pos.demc.ufmg.br\/novomestrado\/?page_id=18\"]}]},{\"@type\":\"BreadcrumbList\",\"@id\":\"https:\/\/pos.demc.ufmg.br\/novomestrado\/?page_id=18#breadcrumb\",\"itemListElement\":[{\"@type\":\"ListItem\",\"position\":1,\"name\":\"In\u00edcio\",\"item\":\"https:\/\/pos.demc.ufmg.br\/novomestrado\/\"},{\"@type\":\"ListItem\",\"position\":2,\"name\":\"Docentes\"}]},{\"@type\":\"WebSite\",\"@id\":\"https:\/\/pos.demc.ufmg.br\/novomestrado\/#website\",\"url\":\"https:\/\/pos.demc.ufmg.br\/novomestrado\/\",\"name\":\"Mestrado em Constru\u00e7\u00e3o Civil\",\"description\":\"P\u00f3s gradua\u00e7\u00e3o em Constru\u00e7\u00e3o Civil\",\"publisher\":{\"@id\":\"https:\/\/pos.demc.ufmg.br\/novomestrado\/#organization\"},\"potentialAction\":[{\"@type\":\"SearchAction\",\"target\":{\"@type\":\"EntryPoint\",\"urlTemplate\":\"https:\/\/pos.demc.ufmg.br\/novomestrado\/?s={search_term_string}\"},\"query-input\":{\"@type\":\"PropertyValueSpecification\",\"valueRequired\":true,\"valueName\":\"search_term_string\"}}],\"inLanguage\":\"pt-BR\"},{\"@type\":\"Organization\",\"@id\":\"https:\/\/pos.demc.ufmg.br\/novomestrado\/#organization\",\"name\":\"Mestrado em Constru\u00e7\u00e3o Civil\",\"url\":\"https:\/\/pos.demc.ufmg.br\/novomestrado\/\",\"logo\":{\"@type\":\"ImageObject\",\"inLanguage\":\"pt-BR\",\"@id\":\"https:\/\/pos.demc.ufmg.br\/novomestrado\/#\/schema\/logo\/image\/\",\"url\":\"https:\/\/i0.wp.com\/pos.demc.ufmg.br\/novomestrado\/wp-content\/uploads\/2017\/03\/logo11.jpg?fit=200%2C166&ssl=1\",\"contentUrl\":\"https:\/\/i0.wp.com\/pos.demc.ufmg.br\/novomestrado\/wp-content\/uploads\/2017\/03\/logo11.jpg?fit=200%2C166&ssl=1\",\"width\":200,\"height\":166,\"caption\":\"Mestrado em Constru\u00e7\u00e3o Civil\"},\"image\":{\"@id\":\"https:\/\/pos.demc.ufmg.br\/novomestrado\/#\/schema\/logo\/image\/\"}}]}<\/script>\n<!-- \/ Yoast SEO plugin. -->","yoast_head_json":{"title":"Docentes - Mestrado em Constru\u00e7\u00e3o Civil","robots":{"index":"index","follow":"follow","max-snippet":"max-snippet:-1","max-image-preview":"max-image-preview:large","max-video-preview":"max-video-preview:-1"},"canonical":"https:\/\/pos.demc.ufmg.br\/novomestrado\/?page_id=18","og_locale":"pt_BR","og_type":"article","og_title":"Docentes - Mestrado em Constru\u00e7\u00e3o Civil","og_description":"PROFESSORES PERMANENTES &#8211; MATERIAIS E M\u00c9TODOS CONSTRUTIVOS ALDO GIUNTINI DE MAGALH\u00c3ES &#8211; aldogiuntini@gmail.com _ Curr\u00edculo LATTES ANT\u00d4NIO NEVES DE CARVALHO J\u00daNIOR &#8211; ancjunior@demc.ufmg.br _ Curr\u00edculo LATTES DAYANA CRISTINA SILVA GARCIA &#8211; dayanacsgarcia@gmail.com _ Curr\u00edculo LATTES EDUARDO CHAHUD &#8211; chahud@demc.ufmg.br _ Read more&#8230;","og_url":"https:\/\/pos.demc.ufmg.br\/novomestrado\/?page_id=18","og_site_name":"Mestrado em Constru\u00e7\u00e3o Civil","article_modified_time":"2026-01-07T15:22:22+00:00","twitter_card":"summary_large_image","twitter_misc":{"Est. tempo de leitura":"1 minuto"},"schema":{"@context":"https:\/\/schema.org","@graph":[{"@type":"WebPage","@id":"https:\/\/pos.demc.ufmg.br\/novomestrado\/?page_id=18","url":"https:\/\/pos.demc.ufmg.br\/novomestrado\/?page_id=18","name":"Docentes - Mestrado em Constru\u00e7\u00e3o Civil","isPartOf":{"@id":"https:\/\/pos.demc.ufmg.br\/novomestrado\/#website"},"datePublished":"2015-12-29T02:26:33+00:00","dateModified":"2026-01-07T15:22:22+00:00","breadcrumb":{"@id":"https:\/\/pos.demc.ufmg.br\/novomestrado\/?page_id=18#breadcrumb"},"inLanguage":"pt-BR","potentialAction":[{"@type":"ReadAction","target":["https:\/\/pos.demc.ufmg.br\/novomestrado\/?page_id=18"]}]},{"@type":"BreadcrumbList","@id":"https:\/\/pos.demc.ufmg.br\/novomestrado\/?page_id=18#breadcrumb","itemListElement":[{"@type":"ListItem","position":1,"name":"In\u00edcio","item":"https:\/\/pos.demc.ufmg.br\/novomestrado\/"},{"@type":"ListItem","position":2,"name":"Docentes"}]},{"@type":"WebSite","@id":"https:\/\/pos.demc.ufmg.br\/novomestrado\/#website","url":"https:\/\/pos.demc.ufmg.br\/novomestrado\/","name":"Mestrado em Constru\u00e7\u00e3o Civil","description":"P\u00f3s gradua\u00e7\u00e3o em Constru\u00e7\u00e3o Civil","publisher":{"@id":"https:\/\/pos.demc.ufmg.br\/novomestrado\/#organization"},"potentialAction":[{"@type":"SearchAction","target":{"@type":"EntryPoint","urlTemplate":"https:\/\/pos.demc.ufmg.br\/novomestrado\/?s={search_term_string}"},"query-input":{"@type":"PropertyValueSpecification","valueRequired":true,"valueName":"search_term_string"}}],"inLanguage":"pt-BR"},{"@type":"Organization","@id":"https:\/\/pos.demc.ufmg.br\/novomestrado\/#organization","name":"Mestrado em Constru\u00e7\u00e3o Civil","url":"https:\/\/pos.demc.ufmg.br\/novomestrado\/","logo":{"@type":"ImageObject","inLanguage":"pt-BR","@id":"https:\/\/pos.demc.ufmg.br\/novomestrado\/#\/schema\/logo\/image\/","url":"https:\/\/i0.wp.com\/pos.demc.ufmg.br\/novomestrado\/wp-content\/uploads\/2017\/03\/logo11.jpg?fit=200%2C166&ssl=1","contentUrl":"https:\/\/i0.wp.com\/pos.demc.ufmg.br\/novomestrado\/wp-content\/uploads\/2017\/03\/logo11.jpg?fit=200%2C166&ssl=1","width":200,"height":166,"caption":"Mestrado em Constru\u00e7\u00e3o Civil"},"image":{"@id":"https:\/\/pos.demc.ufmg.br\/novomestrado\/#\/schema\/logo\/image\/"}}]}},"jetpack_sharing_enabled":true,"jetpack_shortlink":"https:\/\/wp.me\/PaPkm3-i","jetpack-related-posts":[],"_links":{"self":[{"href":"https:\/\/pos.demc.ufmg.br\/novomestrado\/index.php?rest_route=\/wp\/v2\/pages\/18","targetHints":{"allow":["GET"]}}],"collection":[{"href":"https:\/\/pos.demc.ufmg.br\/novomestrado\/index.php?rest_route=\/wp\/v2\/pages"}],"about":[{"href":"https:\/\/pos.demc.ufmg.br\/novomestrado\/index.php?rest_route=\/wp\/v2\/types\/page"}],"author":[{"embeddable":true,"href":"https:\/\/pos.demc.ufmg.br\/novomestrado\/index.php?rest_route=\/wp\/v2\/users\/1"}],"replies":[{"embeddable":true,"href":"https:\/\/pos.demc.ufmg.br\/novomestrado\/index.php?rest_route=%2Fwp%2Fv2%2Fcomments&post=18"}],"version-history":[{"count":34,"href":"https:\/\/pos.demc.ufmg.br\/novomestrado\/index.php?rest_route=\/wp\/v2\/pages\/18\/revisions"}],"predecessor-version":[{"id":3315,"href":"https:\/\/pos.demc.ufmg.br\/novomestrado\/index.php?rest_route=\/wp\/v2\/pages\/18\/revisions\/3315"}],"wp:attachment":[{"href":"https:\/\/pos.demc.ufmg.br\/novomestrado\/index.php?rest_route=%2Fwp%2Fv2%2Fmedia&parent=18"}],"curies":[{"name":"wp","href":"https:\/\/api.w.org\/{rel}","templated":true}]}}