{"id":132,"date":"2023-11-14T14:17:38","date_gmt":"2023-11-14T17:17:38","guid":{"rendered":"http:\/\/pos.demc.ufmg.br\/novomestrado\/?page_id=132"},"modified":"2025-01-07T14:07:14","modified_gmt":"2025-01-07T17:07:14","slug":"https-pos-demc-ufmg-br-novomestrado-wp-content-uploads-2023-11-quadro-de-disciplinas-ofertadas-2024-1o-pdf","status":"publish","type":"page","link":"https:\/\/pos.demc.ufmg.br\/novomestrado\/?page_id=132","title":{"rendered":"Oferta Semestral"},"content":{"rendered":"\n<p><a href=\"https:\/\/pos.demc.ufmg.br\/novomestrado\/wp-content\/uploads\/2021\/11\/Quadro-de-disciplinas-ofertadas-2021-2-completo.doc\">QUADRO DISCIPLINAS 2021\/2<\/a><br><a href=\"https:\/\/pos.demc.ufmg.br\/novomestrado\/wp-content\/uploads\/2022\/02\/Quadro-de-disciplinas-ofertadas-2022-1\u00ba-1.pdf\">QUADRO DISCIPLINAS 2022\/1<\/a> <br><a href=\"https:\/\/pos.demc.ufmg.br\/novomestrado\/wp-content\/uploads\/2022\/08\/Quadro-de-disciplinas-ofertadas-2022-2.pdf\">QUADRO DISCIPLINAS 2022\/2<\/a> <br><a href=\"https:\/\/pos.demc.ufmg.br\/novomestrado\/wp-content\/uploads\/2023\/01\/Quadro-de-disciplinas-ofertadas-2023-1o-.pdf\">QUADRO DISCIPLINAS 2023\/1<\/a><br><a href=\"https:\/\/pos.demc.ufmg.br\/novomestrado\/wp-content\/uploads\/2023\/06\/Oferta-de-disciplinas-2023-2o.pdf\">QUADRO DISCIPLINAS 2023\/2<\/a><br><a href=\"https:\/\/pos.demc.ufmg.br\/novomestrado\/wp-content\/uploads\/2023\/11\/Quadro-de-disciplinas-ofertadas-2024-1o.pdf\">QUADRO DISCIPLINAS 2024\/1<\/a><br><a href=\"https:\/\/pos.demc.ufmg.br\/novomestrado\/wp-content\/uploads\/2023\/11\/Quadro-de-disciplinas-ofertadas-2024-1o.pdf\">QUADRO DISCIPLINAS 2024\/2<\/a><br><a href=\"https:\/\/pos.demc.ufmg.br\/novomestrado\/wp-content\/uploads\/2025\/01\/Quadro-de-disciplinas-ofertadas-2025-1o.pdf\">QUADRO DISCIPLINAS 2025\/1<\/a><\/p>\n\n\n\n<p><\/p>\n\n\n\n<p><\/p>\n\n\n\n<p><\/p>\n","protected":false},"excerpt":{"rendered":"<p>QUADRO DISCIPLINAS 2021\/2QUADRO DISCIPLINAS 2022\/1 QUADRO DISCIPLINAS 2022\/2 QUADRO DISCIPLINAS 2023\/1QUADRO DISCIPLINAS 2023\/2QUADRO DISCIPLINAS 2024\/1QUADRO DISCIPLINAS 2024\/2QUADRO DISCIPLINAS 2025\/1<\/p>\n","protected":false},"author":1,"featured_media":0,"parent":22,"menu_order":0,"comment_status":"closed","ping_status":"closed","template":"","meta":{"footnotes":""},"class_list":["post-132","page","type-page","status-publish","hentry"],"yoast_head":"<!-- This site is optimized with the Yoast SEO plugin v23.9 - https:\/\/yoast.com\/wordpress\/plugins\/seo\/ -->\n<title>Oferta Semestral - Mestrado em Constru\u00e7\u00e3o Civil<\/title>\n<meta name=\"robots\" content=\"index, follow, max-snippet:-1, max-image-preview:large, max-video-preview:-1\" \/>\n<link rel=\"canonical\" href=\"https:\/\/pos.demc.ufmg.br\/novomestrado\/?page_id=132\" \/>\n<meta property=\"og:locale\" content=\"pt_BR\" \/>\n<meta property=\"og:type\" content=\"article\" \/>\n<meta property=\"og:title\" content=\"Oferta Semestral - Mestrado em Constru\u00e7\u00e3o Civil\" \/>\n<meta property=\"og:description\" content=\"QUADRO DISCIPLINAS 2021\/2QUADRO DISCIPLINAS 2022\/1 QUADRO DISCIPLINAS 2022\/2 QUADRO DISCIPLINAS 2023\/1QUADRO DISCIPLINAS 2023\/2QUADRO DISCIPLINAS 2024\/1QUADRO DISCIPLINAS 2024\/2QUADRO DISCIPLINAS 2025\/1\" \/>\n<meta property=\"og:url\" content=\"https:\/\/pos.demc.ufmg.br\/novomestrado\/?page_id=132\" \/>\n<meta property=\"og:site_name\" content=\"Mestrado em Constru\u00e7\u00e3o Civil\" \/>\n<meta property=\"article:modified_time\" content=\"2025-01-07T17:07:14+00:00\" \/>\n<meta name=\"twitter:card\" content=\"summary_large_image\" \/>\n<meta name=\"twitter:label1\" content=\"Est. tempo de leitura\" \/>\n\t<meta name=\"twitter:data1\" content=\"1 minuto\" \/>\n<script type=\"application\/ld+json\" class=\"yoast-schema-graph\">{\"@context\":\"https:\/\/schema.org\",\"@graph\":[{\"@type\":\"WebPage\",\"@id\":\"https:\/\/pos.demc.ufmg.br\/novomestrado\/?page_id=132\",\"url\":\"https:\/\/pos.demc.ufmg.br\/novomestrado\/?page_id=132\",\"name\":\"Oferta Semestral - Mestrado em Constru\u00e7\u00e3o Civil\",\"isPartOf\":{\"@id\":\"https:\/\/pos.demc.ufmg.br\/novomestrado\/#website\"},\"datePublished\":\"2023-11-14T17:17:38+00:00\",\"dateModified\":\"2025-01-07T17:07:14+00:00\",\"breadcrumb\":{\"@id\":\"https:\/\/pos.demc.ufmg.br\/novomestrado\/?page_id=132#breadcrumb\"},\"inLanguage\":\"pt-BR\",\"potentialAction\":[{\"@type\":\"ReadAction\",\"target\":[\"https:\/\/pos.demc.ufmg.br\/novomestrado\/?page_id=132\"]}]},{\"@type\":\"BreadcrumbList\",\"@id\":\"https:\/\/pos.demc.ufmg.br\/novomestrado\/?page_id=132#breadcrumb\",\"itemListElement\":[{\"@type\":\"ListItem\",\"position\":1,\"name\":\"In\u00edcio\",\"item\":\"https:\/\/pos.demc.ufmg.br\/novomestrado\/\"},{\"@type\":\"ListItem\",\"position\":2,\"name\":\"Disciplinas\",\"item\":\"https:\/\/pos.demc.ufmg.br\/novomestrado\/?page_id=22\"},{\"@type\":\"ListItem\",\"position\":3,\"name\":\"Oferta Semestral\"}]},{\"@type\":\"WebSite\",\"@id\":\"https:\/\/pos.demc.ufmg.br\/novomestrado\/#website\",\"url\":\"https:\/\/pos.demc.ufmg.br\/novomestrado\/\",\"name\":\"Mestrado em Constru\u00e7\u00e3o Civil\",\"description\":\"P\u00f3s gradua\u00e7\u00e3o em Constru\u00e7\u00e3o Civil\",\"publisher\":{\"@id\":\"https:\/\/pos.demc.ufmg.br\/novomestrado\/#organization\"},\"potentialAction\":[{\"@type\":\"SearchAction\",\"target\":{\"@type\":\"EntryPoint\",\"urlTemplate\":\"https:\/\/pos.demc.ufmg.br\/novomestrado\/?s={search_term_string}\"},\"query-input\":{\"@type\":\"PropertyValueSpecification\",\"valueRequired\":true,\"valueName\":\"search_term_string\"}}],\"inLanguage\":\"pt-BR\"},{\"@type\":\"Organization\",\"@id\":\"https:\/\/pos.demc.ufmg.br\/novomestrado\/#organization\",\"name\":\"Mestrado em Constru\u00e7\u00e3o Civil\",\"url\":\"https:\/\/pos.demc.ufmg.br\/novomestrado\/\",\"logo\":{\"@type\":\"ImageObject\",\"inLanguage\":\"pt-BR\",\"@id\":\"https:\/\/pos.demc.ufmg.br\/novomestrado\/#\/schema\/logo\/image\/\",\"url\":\"https:\/\/i0.wp.com\/pos.demc.ufmg.br\/novomestrado\/wp-content\/uploads\/2017\/03\/logo11.jpg?fit=200%2C166&ssl=1\",\"contentUrl\":\"https:\/\/i0.wp.com\/pos.demc.ufmg.br\/novomestrado\/wp-content\/uploads\/2017\/03\/logo11.jpg?fit=200%2C166&ssl=1\",\"width\":200,\"height\":166,\"caption\":\"Mestrado em Constru\u00e7\u00e3o Civil\"},\"image\":{\"@id\":\"https:\/\/pos.demc.ufmg.br\/novomestrado\/#\/schema\/logo\/image\/\"}}]}<\/script>\n<!-- \/ Yoast SEO plugin. -->","yoast_head_json":{"title":"Oferta Semestral - Mestrado em Constru\u00e7\u00e3o Civil","robots":{"index":"index","follow":"follow","max-snippet":"max-snippet:-1","max-image-preview":"max-image-preview:large","max-video-preview":"max-video-preview:-1"},"canonical":"https:\/\/pos.demc.ufmg.br\/novomestrado\/?page_id=132","og_locale":"pt_BR","og_type":"article","og_title":"Oferta Semestral - Mestrado em Constru\u00e7\u00e3o Civil","og_description":"QUADRO DISCIPLINAS 2021\/2QUADRO DISCIPLINAS 2022\/1 QUADRO DISCIPLINAS 2022\/2 QUADRO DISCIPLINAS 2023\/1QUADRO DISCIPLINAS 2023\/2QUADRO DISCIPLINAS 2024\/1QUADRO DISCIPLINAS 2024\/2QUADRO DISCIPLINAS 2025\/1","og_url":"https:\/\/pos.demc.ufmg.br\/novomestrado\/?page_id=132","og_site_name":"Mestrado em Constru\u00e7\u00e3o Civil","article_modified_time":"2025-01-07T17:07:14+00:00","twitter_card":"summary_large_image","twitter_misc":{"Est. tempo de leitura":"1 minuto"},"schema":{"@context":"https:\/\/schema.org","@graph":[{"@type":"WebPage","@id":"https:\/\/pos.demc.ufmg.br\/novomestrado\/?page_id=132","url":"https:\/\/pos.demc.ufmg.br\/novomestrado\/?page_id=132","name":"Oferta Semestral - Mestrado em Constru\u00e7\u00e3o Civil","isPartOf":{"@id":"https:\/\/pos.demc.ufmg.br\/novomestrado\/#website"},"datePublished":"2023-11-14T17:17:38+00:00","dateModified":"2025-01-07T17:07:14+00:00","breadcrumb":{"@id":"https:\/\/pos.demc.ufmg.br\/novomestrado\/?page_id=132#breadcrumb"},"inLanguage":"pt-BR","potentialAction":[{"@type":"ReadAction","target":["https:\/\/pos.demc.ufmg.br\/novomestrado\/?page_id=132"]}]},{"@type":"BreadcrumbList","@id":"https:\/\/pos.demc.ufmg.br\/novomestrado\/?page_id=132#breadcrumb","itemListElement":[{"@type":"ListItem","position":1,"name":"In\u00edcio","item":"https:\/\/pos.demc.ufmg.br\/novomestrado\/"},{"@type":"ListItem","position":2,"name":"Disciplinas","item":"https:\/\/pos.demc.ufmg.br\/novomestrado\/?page_id=22"},{"@type":"ListItem","position":3,"name":"Oferta Semestral"}]},{"@type":"WebSite","@id":"https:\/\/pos.demc.ufmg.br\/novomestrado\/#website","url":"https:\/\/pos.demc.ufmg.br\/novomestrado\/","name":"Mestrado em Constru\u00e7\u00e3o Civil","description":"P\u00f3s gradua\u00e7\u00e3o em Constru\u00e7\u00e3o Civil","publisher":{"@id":"https:\/\/pos.demc.ufmg.br\/novomestrado\/#organization"},"potentialAction":[{"@type":"SearchAction","target":{"@type":"EntryPoint","urlTemplate":"https:\/\/pos.demc.ufmg.br\/novomestrado\/?s={search_term_string}"},"query-input":{"@type":"PropertyValueSpecification","valueRequired":true,"valueName":"search_term_string"}}],"inLanguage":"pt-BR"},{"@type":"Organization","@id":"https:\/\/pos.demc.ufmg.br\/novomestrado\/#organization","name":"Mestrado em Constru\u00e7\u00e3o Civil","url":"https:\/\/pos.demc.ufmg.br\/novomestrado\/","logo":{"@type":"ImageObject","inLanguage":"pt-BR","@id":"https:\/\/pos.demc.ufmg.br\/novomestrado\/#\/schema\/logo\/image\/","url":"https:\/\/i0.wp.com\/pos.demc.ufmg.br\/novomestrado\/wp-content\/uploads\/2017\/03\/logo11.jpg?fit=200%2C166&ssl=1","contentUrl":"https:\/\/i0.wp.com\/pos.demc.ufmg.br\/novomestrado\/wp-content\/uploads\/2017\/03\/logo11.jpg?fit=200%2C166&ssl=1","width":200,"height":166,"caption":"Mestrado em Constru\u00e7\u00e3o Civil"},"image":{"@id":"https:\/\/pos.demc.ufmg.br\/novomestrado\/#\/schema\/logo\/image\/"}}]}},"jetpack_sharing_enabled":true,"jetpack_shortlink":"https:\/\/wp.me\/PaPkm3-28","jetpack-related-posts":[],"_links":{"self":[{"href":"https:\/\/pos.demc.ufmg.br\/novomestrado\/index.php?rest_route=\/wp\/v2\/pages\/132","targetHints":{"allow":["GET"]}}],"collection":[{"href":"https:\/\/pos.demc.ufmg.br\/novomestrado\/index.php?rest_route=\/wp\/v2\/pages"}],"about":[{"href":"https:\/\/pos.demc.ufmg.br\/novomestrado\/index.php?rest_route=\/wp\/v2\/types\/page"}],"author":[{"embeddable":true,"href":"https:\/\/pos.demc.ufmg.br\/novomestrado\/index.php?rest_route=\/wp\/v2\/users\/1"}],"replies":[{"embeddable":true,"href":"https:\/\/pos.demc.ufmg.br\/novomestrado\/index.php?rest_route=%2Fwp%2Fv2%2Fcomments&post=132"}],"version-history":[{"count":21,"href":"https:\/\/pos.demc.ufmg.br\/novomestrado\/index.php?rest_route=\/wp\/v2\/pages\/132\/revisions"}],"predecessor-version":[{"id":2784,"href":"https:\/\/pos.demc.ufmg.br\/novomestrado\/index.php?rest_route=\/wp\/v2\/pages\/132\/revisions\/2784"}],"up":[{"embeddable":true,"href":"https:\/\/pos.demc.ufmg.br\/novomestrado\/index.php?rest_route=\/wp\/v2\/pages\/22"}],"wp:attachment":[{"href":"https:\/\/pos.demc.ufmg.br\/novomestrado\/index.php?rest_route=%2Fwp%2Fv2%2Fmedia&parent=132"}],"curies":[{"name":"wp","href":"https:\/\/api.w.org\/{rel}","templated":true}]}}