{"id":12,"date":"2015-12-29T02:25:53","date_gmt":"2015-12-29T02:25:53","guid":{"rendered":"http:\/\/pos.demc.ufmg.br\/novomestrado\/?page_id=12"},"modified":"2026-03-10T11:23:00","modified_gmt":"2026-03-10T14:23:00","slug":"principal","status":"publish","type":"page","link":"https:\/\/pos.demc.ufmg.br\/novomestrado\/","title":{"rendered":"Principal"},"content":{"rendered":"<h5 style=\"text-align: center;\"><img decoding=\"async\" class=\"sFlh5c FyHeAf\" src=\"https:\/\/encrypted-tbn0.gstatic.com\/images?q=tbn:ANd9GcSe3bS23KiYFOU16raqndLFWAXW0nZD5_AVww&amp;s\" alt=\"Not\u00edcias e Imagens \u2013 3ASolucoes\" \/><\/h5>\n<h3><span style=\"color: #ffffff;\">..<\/span><\/h3>\n<h3><span style=\"color: #ff0000;\"><strong>10\/03\/2026<span style=\"color: #000000;\">_ SUSPENS\u00c3O DO ATENDIMENTO DA SECRETARIA POR MOTIVO DE GREVE.\u00a0<\/span><\/strong><\/span><\/h3>\n<p>Informamos que o atendimento da secretaria do PPGCC est\u00e1 suspenso por tempo indeterminado a partir de 10\/03\/2026 em raz\u00e3o de greve. As informa\u00e7\u00f5es sobre o movimento est\u00e3o dispon\u00edveis no <a href=\"https:\/\/sindifes.org.br\/sindifes-mg-convoca-tae-de-sua-base-para-assembleia-sindical-geral-de-deflagracao-de-greve-no-dia-10-de-marco\/\" target=\"_blank\" rel=\"noopener\">site do SIDIFES-MG.<\/a><\/p>\n<p>&#8212;&#8212;&#8212;&#8212;&#8212;&#8212;&#8212;<\/p>\n<h3><span style=\"color: #ff0000;\"><strong>27\/02\/2026<span style=\"color: #000000;\">_ IN\u00cdCIO DAS AULAS DO MESTRADO, DOUTORADO E ISOLADAS:<\/span><\/strong><\/span><\/h3>\n<h3>A partir de 09 de mar\u00e7o de 2026.<br \/>\nConsulte o quadro com disciplinas, hor\u00e1rios e salas <a href=\"https:\/\/pos.demc.ufmg.br\/novomestrado\/wp-content\/uploads\/2026\/03\/PPGCC-Oferta-disciplinas-2026-1.pdf\" target=\"_blank\" rel=\"noopener\">AQUI<\/a>.<\/h3>\n<p>&#8212;&#8212;&#8212;&#8212;&#8212;&#8212;&#8212;<\/p>\n<h3><\/h3>\n<h3><span style=\"color: #ff0000;\"><strong>25\/02\/2026<span style=\"color: #000000;\">_ ABERTURA DE INSCRI\u00c7\u00d5ES PARA DISCIPLINAS ISOLADAS EM 2026\/1<\/span><\/strong><\/span><\/h3>\n<h3>Mais informa\u00e7\u00f5es, <a href=\"https:\/\/pos.demc.ufmg.br\/novomestrado\/?page_id=255\" target=\"_blank\" rel=\"noopener\">VEJA AQUI<\/a><\/h3>\n<p>&#8212;&#8212;&#8212;&#8212;&#8212;&#8212;&#8212;<\/p>\n<h3><\/h3>\n<h3><span style=\"color: #ff0000;\"><strong>20\/02\/2026<span style=\"color: #000000;\">_ SELE\u00c7\u00c3O MESTRADO\/DOUTORADO<\/span><\/strong><\/span><\/h3>\n<h3 style=\"text-align: left;\"><span style=\"color: #000000;\">CONVOCA\u00c7\u00c3O DE EXCEDENTES (APROVADOS E N\u00c3O CLASSIFICADOS)<\/span><br \/>\n<span style=\"color: #ffffff;\">.<\/span><br \/>\nFoi aprovada a convoca\u00e7\u00e3o dos excedentes do MESTRADO, de todas as linhas de pesquisa, para ingresso em 2026\/1.<\/h3>\n<h3 style=\"text-align: left;\">A secretaria do PPG entrar\u00e1 em contato, por e-mail, com cada aprovado.\u00a0<span style=\"color: #ffffff;\">.<\/span><\/h3>\n<h3>________________________________________________________________________________________________<\/h3>\n<p>ATEN\u00c7\u00c3O!<\/p>\n<p>A PARTIR DE JANEIRO DE 2026 O NOVO E-MAIL PARA CONTATO COM A SECRETARIA \u00c9:<\/p>\n<p>poscivil.secretaria@demc.ufmg.br<\/p>\n<p>________________________________________________________________________________________________________________<\/p>\n<h3><strong>Hor\u00e1rio de atendimento ao p\u00fablico da secretaria do PPG em Constru\u00e7\u00e3o Civil:<\/strong><\/h3>\n<p>Segundas e quartas-feiras: de 10h \u00e0s 12h<br \/>\nTer\u00e7as-feiras: de 13:30h \u00e0s 15:30h<br \/>\nQuintas-feiras: de 14h \u00e0s 16h<br \/>\nSextas-feiras: somente trabalho interno.<\/p>\n<p>________________________________________________________________________________________________________________<\/p>\n<p style=\"text-align: justify;\">O Mestrado em Constru\u00e7\u00e3o Civil da Universidade Federal de Minas Gerais foi criado em 2005, como uma evolu\u00e7\u00e3o do Curso de Especializa\u00e7\u00e3o em Constru\u00e7\u00e3o Civil, existente desde 1999. Historicamente, suas linhas de pesquisa e projetos associados t\u00eam evolu\u00eddo no sentido de acompanhar tend\u00eancias nacionais e internacionais, indo de encontro a demandas da academia e do mercado. Assim sendo, em um primeiro momento os projetos concentraram-se na \u00e1rea de materiais. Em um segundo momento, integrada \u00e0quela, foram criados projetos de pesquisa na \u00e1rea de gest\u00e3o de empreendimentos de constru\u00e7\u00e3o civil. Em fun\u00e7\u00e3o do sucesso alcan\u00e7ado, desde 2015 existem duas linhas de pesquisa (Materiais de Constru\u00e7\u00e3o Civil e Gest\u00e3o na Constru\u00e7\u00e3o Civil) na \u00e1rea de concentra\u00e7\u00e3o Tecnologia na Constru\u00e7\u00e3o Civil.<\/p>\n<p style=\"text-align: justify;\">A proposta do Curso reflete a consolida\u00e7\u00e3o de grupos de pesquisa de diferentes departamentos da Escola de Engenharia. O Curso conta com a participa\u00e7\u00e3o de professores de tr\u00eas Departamentos da Escola de Engenharia da UFMG (Engenharia de Materiais e Constru\u00e7\u00e3o, Engenharia de Estruturas, Engenharia Metal\u00fargica e de Materiais), todos envolvidos com pesquisas na \u00e1rea de Constru\u00e7\u00e3o Civil, quer seja especificamente no estudo da rela\u00e7\u00e3o estrutura \u2013 propriedades \u2013 processamento dos materiais de constru\u00e7\u00e3o civil, quer seja abordando sua inser\u00e7\u00e3o em sistemas construtivos, quer seja enfocando aspectos gerenciais dos empreendimentos de constru\u00e7\u00e3o civil, analisando a rela\u00e7\u00e3o dos sistemas de gest\u00e3o desde a perspectiva da garantia da qualidade no processo de projeto e produ\u00e7\u00e3o, associando a gest\u00e3o \u00e0 \u00e1rea de materiais e sistemas construtivos, enfocando a sustentabilidade estruturada na pol\u00edtica de caracteriza\u00e7\u00e3o de materiais, reaproveitamento dos res\u00edduos de constru\u00e7\u00e3o civil, caracteriza\u00e7\u00e3o e preven\u00e7\u00e3o de patologias nos materiais. O Curso, tanto institucionalmente quanto por meio de seus docentes, mant\u00e9m estreita colabora\u00e7\u00e3o com os Programas de P\u00f3s-gradua\u00e7\u00e3o em Engenharia Mec\u00e2nica e Engenharia Qu\u00edmica, o que se concretiza por meio do compartilhamento de laborat\u00f3rios a condu\u00e7\u00e3o em conjunto de projetos de pesquisa.<\/p>\n<p style=\"text-align: justify;\">O Mestrado em Constru\u00e7\u00e3o Civil da UFMG se caracteriza, por um lado, pelo seu car\u00e1ter transdisciplinar, integrando o estudo dos diferentes materiais aplicados \u00e0 constru\u00e7\u00e3o civil, o reaproveitamento de res\u00edduos e a gest\u00e3o dos empreendimentos de constru\u00e7\u00e3o. Por outro lado, o Curso tem um forte peso regional, uma vez que a Universidade Federal de Minas Gerais \u00e9 o centro de ensino superior de maior destaque no Estado e a sua p\u00f3s-gradua\u00e7\u00e3o em Constru\u00e7\u00e3o Civil caracteriza-se como um dos programas que d\u00e3o suporte a forma\u00e7\u00e3o de professor e profissionais do setor. Some-se a isso o fato de que o\u00a0Curso forma pesquisadores e profissionais que exercem suas atividades nas mais distintas regi\u00f5es do Estado, acentuando essa sua import\u00e2ncia regional. O Curso apresenta uma integra\u00e7\u00e3o com a p\u00f3s-gradua\u00e7\u00e3o <em>lato sensu <\/em>(especializa\u00e7\u00e3o), que forma anualmente aproximadamente oitenta alunos, procedentes de v\u00e1rias regi\u00f5es do estado.<\/p>\n<table style=\"height: 65px;\" border=\"0\" width=\"1326\">\n<tbody>\n<tr>\n<td style=\"text-align: center;\"><a href=\"https:\/\/i0.wp.com\/pos.demc.ufmg.br\/novomestrado\/wp-content\/uploads\/2016\/09\/ufmg.png?ssl=1\"><img data-recalc-dims=\"1\" loading=\"lazy\" decoding=\"async\" data-attachment-id=\"177\" data-permalink=\"https:\/\/pos.demc.ufmg.br\/novomestrado\/?attachment_id=177\" data-orig-file=\"https:\/\/i0.wp.com\/pos.demc.ufmg.br\/novomestrado\/wp-content\/uploads\/2016\/09\/ufmg.png?fit=150%2C58&amp;ssl=1\" data-orig-size=\"150,58\" data-comments-opened=\"1\" data-image-meta=\"{&quot;aperture&quot;:&quot;0&quot;,&quot;credit&quot;:&quot;&quot;,&quot;camera&quot;:&quot;&quot;,&quot;caption&quot;:&quot;&quot;,&quot;created_timestamp&quot;:&quot;0&quot;,&quot;copyright&quot;:&quot;&quot;,&quot;focal_length&quot;:&quot;0&quot;,&quot;iso&quot;:&quot;0&quot;,&quot;shutter_speed&quot;:&quot;0&quot;,&quot;title&quot;:&quot;&quot;,&quot;orientation&quot;:&quot;0&quot;}\" data-image-title=\"ufmg\" data-image-description=\"\" data-image-caption=\"\" data-medium-file=\"https:\/\/i0.wp.com\/pos.demc.ufmg.br\/novomestrado\/wp-content\/uploads\/2016\/09\/ufmg.png?fit=150%2C58&amp;ssl=1\" data-large-file=\"https:\/\/i0.wp.com\/pos.demc.ufmg.br\/novomestrado\/wp-content\/uploads\/2016\/09\/ufmg.png?fit=150%2C58&amp;ssl=1\" class=\"wp-image-177 size-full aligncenter\" src=\"https:\/\/i0.wp.com\/pos.demc.ufmg.br\/novomestrado\/wp-content\/uploads\/2016\/09\/ufmg.png?resize=150%2C58&#038;ssl=1\" width=\"150\" height=\"58\" \/><\/a><\/td>\n<td style=\"text-align: center;\"><a href=\"https:\/\/i0.wp.com\/pos.demc.ufmg.br\/novomestrado\/wp-content\/uploads\/2015\/12\/capes-1.jpg?ssl=1\"><img data-recalc-dims=\"1\" loading=\"lazy\" decoding=\"async\" data-attachment-id=\"246\" data-permalink=\"https:\/\/pos.demc.ufmg.br\/novomestrado\/?attachment_id=246\" data-orig-file=\"https:\/\/i0.wp.com\/pos.demc.ufmg.br\/novomestrado\/wp-content\/uploads\/2015\/12\/capes-1.jpg?fit=95%2C60&amp;ssl=1\" data-orig-size=\"95,60\" data-comments-opened=\"0\" data-image-meta=\"{&quot;aperture&quot;:&quot;0&quot;,&quot;credit&quot;:&quot;&quot;,&quot;camera&quot;:&quot;&quot;,&quot;caption&quot;:&quot;&quot;,&quot;created_timestamp&quot;:&quot;0&quot;,&quot;copyright&quot;:&quot;&quot;,&quot;focal_length&quot;:&quot;0&quot;,&quot;iso&quot;:&quot;0&quot;,&quot;shutter_speed&quot;:&quot;0&quot;,&quot;title&quot;:&quot;&quot;,&quot;orientation&quot;:&quot;0&quot;}\" data-image-title=\"capes\" data-image-description=\"\" data-image-caption=\"\" data-medium-file=\"https:\/\/i0.wp.com\/pos.demc.ufmg.br\/novomestrado\/wp-content\/uploads\/2015\/12\/capes-1.jpg?fit=95%2C60&amp;ssl=1\" data-large-file=\"https:\/\/i0.wp.com\/pos.demc.ufmg.br\/novomestrado\/wp-content\/uploads\/2015\/12\/capes-1.jpg?fit=95%2C60&amp;ssl=1\" class=\"wp-image-246 size-full aligncenter\" src=\"https:\/\/i0.wp.com\/pos.demc.ufmg.br\/novomestrado\/wp-content\/uploads\/2015\/12\/capes-1.jpg?resize=95%2C60&#038;ssl=1\" width=\"95\" height=\"60\" \/><\/a><\/td>\n<td style=\"text-align: center;\"><a href=\"https:\/\/i0.wp.com\/pos.demc.ufmg.br\/novomestrado\/wp-content\/uploads\/2016\/10\/cnpq.jpg?ssl=1\"><img data-recalc-dims=\"1\" loading=\"lazy\" decoding=\"async\" data-attachment-id=\"208\" data-permalink=\"https:\/\/pos.demc.ufmg.br\/novomestrado\/?attachment_id=208\" data-orig-file=\"https:\/\/i0.wp.com\/pos.demc.ufmg.br\/novomestrado\/wp-content\/uploads\/2016\/10\/cnpq.jpg?fit=150%2C64&amp;ssl=1\" data-orig-size=\"150,64\" data-comments-opened=\"0\" data-image-meta=\"{&quot;aperture&quot;:&quot;0&quot;,&quot;credit&quot;:&quot;&quot;,&quot;camera&quot;:&quot;&quot;,&quot;caption&quot;:&quot;&quot;,&quot;created_timestamp&quot;:&quot;0&quot;,&quot;copyright&quot;:&quot;&quot;,&quot;focal_length&quot;:&quot;0&quot;,&quot;iso&quot;:&quot;0&quot;,&quot;shutter_speed&quot;:&quot;0&quot;,&quot;title&quot;:&quot;&quot;,&quot;orientation&quot;:&quot;0&quot;}\" data-image-title=\"cnpq\" data-image-description=\"\" data-image-caption=\"\" data-medium-file=\"https:\/\/i0.wp.com\/pos.demc.ufmg.br\/novomestrado\/wp-content\/uploads\/2016\/10\/cnpq.jpg?fit=150%2C64&amp;ssl=1\" data-large-file=\"https:\/\/i0.wp.com\/pos.demc.ufmg.br\/novomestrado\/wp-content\/uploads\/2016\/10\/cnpq.jpg?fit=150%2C64&amp;ssl=1\" class=\" wp-image-208 aligncenter\" src=\"https:\/\/i0.wp.com\/pos.demc.ufmg.br\/novomestrado\/wp-content\/uploads\/2016\/10\/cnpq.jpg?resize=150%2C64&#038;ssl=1\" alt=\"cnpq\" width=\"150\" height=\"64\" \/><\/a><\/td>\n<td style=\"text-align: center;\"><a href=\" https:\/\/pos.demc.ufmg.br\/novomestrado\/wp-content\/uploads\/2016\/10\/unnamed.png\"><img loading=\"lazy\" decoding=\"async\" data-attachment-id=\"208\" data-permalink=\"https:\/\/pos.demc.ufmg.br\/novomestrado\/?attachment_id=208\" data-orig-file=\"https:\/\/i0.wp.com\/pos.demc.ufmg.br\/novomestrado\/wp-content\/uploads\/2016\/10\/cnpq.jpg?fit=150%2C64&amp;ssl=1\" data-orig-size=\"150,64\" data-comments-opened=\"0\" data-image-meta=\"{&quot;aperture&quot;:&quot;0&quot;,&quot;credit&quot;:&quot;&quot;,&quot;camera&quot;:&quot;&quot;,&quot;caption&quot;:&quot;&quot;,&quot;created_timestamp&quot;:&quot;0&quot;,&quot;copyright&quot;:&quot;&quot;,&quot;focal_length&quot;:&quot;0&quot;,&quot;iso&quot;:&quot;0&quot;,&quot;shutter_speed&quot;:&quot;0&quot;,&quot;title&quot;:&quot;&quot;,&quot;orientation&quot;:&quot;0&quot;}\" data-image-title=\"cnpq\" data-image-description=\"\" data-image-caption=\"\" data-medium-file=\"https:\/\/i0.wp.com\/pos.demc.ufmg.br\/novomestrado\/wp-content\/uploads\/2016\/10\/cnpq.jpg?fit=150%2C64&amp;ssl=1\" data-large-file=\"https:\/\/i0.wp.com\/pos.demc.ufmg.br\/novomestrado\/wp-content\/uploads\/2016\/10\/cnpq.jpg?fit=150%2C64&amp;ssl=1\" class=\"aligncenter wp-image-208\" src=\" https:\/\/pos.demc.ufmg.br\/novomestrado\/wp-content\/uploads\/2016\/10\/unnamed.png\" alt=\"faphemig\" width=\"71\" height=\"58\" \/><\/a><\/td>\n<\/tr>\n<\/tbody>\n<\/table>\n","protected":false},"excerpt":{"rendered":"<p>.. 10\/03\/2026_ SUSPENS\u00c3O DO ATENDIMENTO DA SECRETARIA POR MOTIVO DE GREVE.\u00a0 Informamos que o atendimento da secretaria do PPGCC est\u00e1 suspenso por tempo indeterminado a partir de 10\/03\/2026 em raz\u00e3o de greve. As informa\u00e7\u00f5es sobre o movimento est\u00e3o dispon\u00edveis no <a href=\"https:\/\/pos.demc.ufmg.br\/novomestrado\/\"> Read more&#8230;<\/a><\/p>\n","protected":false},"author":1,"featured_media":0,"parent":0,"menu_order":2,"comment_status":"closed","ping_status":"closed","template":"","meta":{"footnotes":""},"class_list":["post-12","page","type-page","status-publish","hentry"],"yoast_head":"<!-- This site is optimized with the Yoast SEO plugin v23.9 - https:\/\/yoast.com\/wordpress\/plugins\/seo\/ -->\n<title>Principal - Mestrado em Constru\u00e7\u00e3o Civil<\/title>\n<meta name=\"robots\" content=\"index, follow, max-snippet:-1, max-image-preview:large, max-video-preview:-1\" \/>\n<link rel=\"canonical\" href=\"https:\/\/pos.demc.ufmg.br\/novomestrado\/\" \/>\n<meta property=\"og:locale\" content=\"pt_BR\" \/>\n<meta property=\"og:type\" content=\"article\" \/>\n<meta property=\"og:title\" content=\"Principal - Mestrado em Constru\u00e7\u00e3o Civil\" \/>\n<meta property=\"og:description\" content=\".. 10\/03\/2026_ SUSPENS\u00c3O DO ATENDIMENTO DA SECRETARIA POR MOTIVO DE GREVE.\u00a0 Informamos que o atendimento da secretaria do PPGCC est\u00e1 suspenso por tempo indeterminado a partir de 10\/03\/2026 em raz\u00e3o de greve. As informa\u00e7\u00f5es sobre o movimento est\u00e3o dispon\u00edveis no Read more&#8230;\" \/>\n<meta property=\"og:url\" content=\"https:\/\/pos.demc.ufmg.br\/novomestrado\/\" \/>\n<meta property=\"og:site_name\" content=\"Mestrado em Constru\u00e7\u00e3o Civil\" \/>\n<meta property=\"article:modified_time\" content=\"2026-03-10T14:23:00+00:00\" \/>\n<meta property=\"og:image\" content=\"https:\/\/encrypted-tbn0.gstatic.com\/images?q=tbn:ANd9GcSe3bS23KiYFOU16raqndLFWAXW0nZD5_AVww&amp;s\" \/>\n<meta name=\"twitter:card\" content=\"summary_large_image\" \/>\n<meta name=\"twitter:label1\" content=\"Est. tempo de leitura\" \/>\n\t<meta name=\"twitter:data1\" content=\"5 minutos\" \/>\n<script type=\"application\/ld+json\" class=\"yoast-schema-graph\">{\"@context\":\"https:\/\/schema.org\",\"@graph\":[{\"@type\":\"WebPage\",\"@id\":\"https:\/\/pos.demc.ufmg.br\/novomestrado\/\",\"url\":\"https:\/\/pos.demc.ufmg.br\/novomestrado\/\",\"name\":\"Principal - Mestrado em Constru\u00e7\u00e3o Civil\",\"isPartOf\":{\"@id\":\"https:\/\/pos.demc.ufmg.br\/novomestrado\/#website\"},\"primaryImageOfPage\":{\"@id\":\"https:\/\/pos.demc.ufmg.br\/novomestrado\/#primaryimage\"},\"image\":{\"@id\":\"https:\/\/pos.demc.ufmg.br\/novomestrado\/#primaryimage\"},\"thumbnailUrl\":\"https:\/\/encrypted-tbn0.gstatic.com\/images?q=tbn:ANd9GcSe3bS23KiYFOU16raqndLFWAXW0nZD5_AVww&amp;s\",\"datePublished\":\"2015-12-29T02:25:53+00:00\",\"dateModified\":\"2026-03-10T14:23:00+00:00\",\"breadcrumb\":{\"@id\":\"https:\/\/pos.demc.ufmg.br\/novomestrado\/#breadcrumb\"},\"inLanguage\":\"pt-BR\",\"potentialAction\":[{\"@type\":\"ReadAction\",\"target\":[\"https:\/\/pos.demc.ufmg.br\/novomestrado\/\"]}]},{\"@type\":\"ImageObject\",\"inLanguage\":\"pt-BR\",\"@id\":\"https:\/\/pos.demc.ufmg.br\/novomestrado\/#primaryimage\",\"url\":\"https:\/\/encrypted-tbn0.gstatic.com\/images?q=tbn:ANd9GcSe3bS23KiYFOU16raqndLFWAXW0nZD5_AVww&amp;s\",\"contentUrl\":\"https:\/\/encrypted-tbn0.gstatic.com\/images?q=tbn:ANd9GcSe3bS23KiYFOU16raqndLFWAXW0nZD5_AVww&amp;s\"},{\"@type\":\"BreadcrumbList\",\"@id\":\"https:\/\/pos.demc.ufmg.br\/novomestrado\/#breadcrumb\",\"itemListElement\":[{\"@type\":\"ListItem\",\"position\":1,\"name\":\"In\u00edcio\",\"item\":\"https:\/\/pos.demc.ufmg.br\/novomestrado\/\"},{\"@type\":\"ListItem\",\"position\":2,\"name\":\"Principal\"}]},{\"@type\":\"WebSite\",\"@id\":\"https:\/\/pos.demc.ufmg.br\/novomestrado\/#website\",\"url\":\"https:\/\/pos.demc.ufmg.br\/novomestrado\/\",\"name\":\"Mestrado em Constru\u00e7\u00e3o Civil\",\"description\":\"P\u00f3s gradua\u00e7\u00e3o em Constru\u00e7\u00e3o Civil\",\"publisher\":{\"@id\":\"https:\/\/pos.demc.ufmg.br\/novomestrado\/#organization\"},\"potentialAction\":[{\"@type\":\"SearchAction\",\"target\":{\"@type\":\"EntryPoint\",\"urlTemplate\":\"https:\/\/pos.demc.ufmg.br\/novomestrado\/?s={search_term_string}\"},\"query-input\":{\"@type\":\"PropertyValueSpecification\",\"valueRequired\":true,\"valueName\":\"search_term_string\"}}],\"inLanguage\":\"pt-BR\"},{\"@type\":\"Organization\",\"@id\":\"https:\/\/pos.demc.ufmg.br\/novomestrado\/#organization\",\"name\":\"Mestrado em Constru\u00e7\u00e3o Civil\",\"url\":\"https:\/\/pos.demc.ufmg.br\/novomestrado\/\",\"logo\":{\"@type\":\"ImageObject\",\"inLanguage\":\"pt-BR\",\"@id\":\"https:\/\/pos.demc.ufmg.br\/novomestrado\/#\/schema\/logo\/image\/\",\"url\":\"https:\/\/i0.wp.com\/pos.demc.ufmg.br\/novomestrado\/wp-content\/uploads\/2017\/03\/logo11.jpg?fit=200%2C166&ssl=1\",\"contentUrl\":\"https:\/\/i0.wp.com\/pos.demc.ufmg.br\/novomestrado\/wp-content\/uploads\/2017\/03\/logo11.jpg?fit=200%2C166&ssl=1\",\"width\":200,\"height\":166,\"caption\":\"Mestrado em Constru\u00e7\u00e3o Civil\"},\"image\":{\"@id\":\"https:\/\/pos.demc.ufmg.br\/novomestrado\/#\/schema\/logo\/image\/\"}}]}<\/script>\n<!-- \/ Yoast SEO plugin. -->","yoast_head_json":{"title":"Principal - Mestrado em Constru\u00e7\u00e3o Civil","robots":{"index":"index","follow":"follow","max-snippet":"max-snippet:-1","max-image-preview":"max-image-preview:large","max-video-preview":"max-video-preview:-1"},"canonical":"https:\/\/pos.demc.ufmg.br\/novomestrado\/","og_locale":"pt_BR","og_type":"article","og_title":"Principal - Mestrado em Constru\u00e7\u00e3o Civil","og_description":".. 10\/03\/2026_ SUSPENS\u00c3O DO ATENDIMENTO DA SECRETARIA POR MOTIVO DE GREVE.\u00a0 Informamos que o atendimento da secretaria do PPGCC est\u00e1 suspenso por tempo indeterminado a partir de 10\/03\/2026 em raz\u00e3o de greve. As informa\u00e7\u00f5es sobre o movimento est\u00e3o dispon\u00edveis no Read more&#8230;","og_url":"https:\/\/pos.demc.ufmg.br\/novomestrado\/","og_site_name":"Mestrado em Constru\u00e7\u00e3o Civil","article_modified_time":"2026-03-10T14:23:00+00:00","og_image":[{"url":"https:\/\/encrypted-tbn0.gstatic.com\/images?q=tbn:ANd9GcSe3bS23KiYFOU16raqndLFWAXW0nZD5_AVww&amp;s"}],"twitter_card":"summary_large_image","twitter_misc":{"Est. tempo de leitura":"5 minutos"},"schema":{"@context":"https:\/\/schema.org","@graph":[{"@type":"WebPage","@id":"https:\/\/pos.demc.ufmg.br\/novomestrado\/","url":"https:\/\/pos.demc.ufmg.br\/novomestrado\/","name":"Principal - Mestrado em Constru\u00e7\u00e3o Civil","isPartOf":{"@id":"https:\/\/pos.demc.ufmg.br\/novomestrado\/#website"},"primaryImageOfPage":{"@id":"https:\/\/pos.demc.ufmg.br\/novomestrado\/#primaryimage"},"image":{"@id":"https:\/\/pos.demc.ufmg.br\/novomestrado\/#primaryimage"},"thumbnailUrl":"https:\/\/encrypted-tbn0.gstatic.com\/images?q=tbn:ANd9GcSe3bS23KiYFOU16raqndLFWAXW0nZD5_AVww&amp;s","datePublished":"2015-12-29T02:25:53+00:00","dateModified":"2026-03-10T14:23:00+00:00","breadcrumb":{"@id":"https:\/\/pos.demc.ufmg.br\/novomestrado\/#breadcrumb"},"inLanguage":"pt-BR","potentialAction":[{"@type":"ReadAction","target":["https:\/\/pos.demc.ufmg.br\/novomestrado\/"]}]},{"@type":"ImageObject","inLanguage":"pt-BR","@id":"https:\/\/pos.demc.ufmg.br\/novomestrado\/#primaryimage","url":"https:\/\/encrypted-tbn0.gstatic.com\/images?q=tbn:ANd9GcSe3bS23KiYFOU16raqndLFWAXW0nZD5_AVww&amp;s","contentUrl":"https:\/\/encrypted-tbn0.gstatic.com\/images?q=tbn:ANd9GcSe3bS23KiYFOU16raqndLFWAXW0nZD5_AVww&amp;s"},{"@type":"BreadcrumbList","@id":"https:\/\/pos.demc.ufmg.br\/novomestrado\/#breadcrumb","itemListElement":[{"@type":"ListItem","position":1,"name":"In\u00edcio","item":"https:\/\/pos.demc.ufmg.br\/novomestrado\/"},{"@type":"ListItem","position":2,"name":"Principal"}]},{"@type":"WebSite","@id":"https:\/\/pos.demc.ufmg.br\/novomestrado\/#website","url":"https:\/\/pos.demc.ufmg.br\/novomestrado\/","name":"Mestrado em Constru\u00e7\u00e3o Civil","description":"P\u00f3s gradua\u00e7\u00e3o em Constru\u00e7\u00e3o Civil","publisher":{"@id":"https:\/\/pos.demc.ufmg.br\/novomestrado\/#organization"},"potentialAction":[{"@type":"SearchAction","target":{"@type":"EntryPoint","urlTemplate":"https:\/\/pos.demc.ufmg.br\/novomestrado\/?s={search_term_string}"},"query-input":{"@type":"PropertyValueSpecification","valueRequired":true,"valueName":"search_term_string"}}],"inLanguage":"pt-BR"},{"@type":"Organization","@id":"https:\/\/pos.demc.ufmg.br\/novomestrado\/#organization","name":"Mestrado em Constru\u00e7\u00e3o Civil","url":"https:\/\/pos.demc.ufmg.br\/novomestrado\/","logo":{"@type":"ImageObject","inLanguage":"pt-BR","@id":"https:\/\/pos.demc.ufmg.br\/novomestrado\/#\/schema\/logo\/image\/","url":"https:\/\/i0.wp.com\/pos.demc.ufmg.br\/novomestrado\/wp-content\/uploads\/2017\/03\/logo11.jpg?fit=200%2C166&ssl=1","contentUrl":"https:\/\/i0.wp.com\/pos.demc.ufmg.br\/novomestrado\/wp-content\/uploads\/2017\/03\/logo11.jpg?fit=200%2C166&ssl=1","width":200,"height":166,"caption":"Mestrado em Constru\u00e7\u00e3o Civil"},"image":{"@id":"https:\/\/pos.demc.ufmg.br\/novomestrado\/#\/schema\/logo\/image\/"}}]}},"jetpack_sharing_enabled":true,"jetpack_shortlink":"https:\/\/wp.me\/PaPkm3-c","jetpack-related-posts":[],"_links":{"self":[{"href":"https:\/\/pos.demc.ufmg.br\/novomestrado\/index.php?rest_route=\/wp\/v2\/pages\/12","targetHints":{"allow":["GET"]}}],"collection":[{"href":"https:\/\/pos.demc.ufmg.br\/novomestrado\/index.php?rest_route=\/wp\/v2\/pages"}],"about":[{"href":"https:\/\/pos.demc.ufmg.br\/novomestrado\/index.php?rest_route=\/wp\/v2\/types\/page"}],"author":[{"embeddable":true,"href":"https:\/\/pos.demc.ufmg.br\/novomestrado\/index.php?rest_route=\/wp\/v2\/users\/1"}],"replies":[{"embeddable":true,"href":"https:\/\/pos.demc.ufmg.br\/novomestrado\/index.php?rest_route=%2Fwp%2Fv2%2Fcomments&post=12"}],"version-history":[{"count":202,"href":"https:\/\/pos.demc.ufmg.br\/novomestrado\/index.php?rest_route=\/wp\/v2\/pages\/12\/revisions"}],"predecessor-version":[{"id":3394,"href":"https:\/\/pos.demc.ufmg.br\/novomestrado\/index.php?rest_route=\/wp\/v2\/pages\/12\/revisions\/3394"}],"wp:attachment":[{"href":"https:\/\/pos.demc.ufmg.br\/novomestrado\/index.php?rest_route=%2Fwp%2Fv2%2Fmedia&parent=12"}],"curies":[{"name":"wp","href":"https:\/\/api.w.org\/{rel}","templated":true}]}}